{"id":2416,"date":"2022-05-09T09:29:26","date_gmt":"2022-05-09T09:29:26","guid":{"rendered":"https:\/\/kuadrotek.com\/politique-de-confidentialite\/"},"modified":"2022-11-17T10:37:20","modified_gmt":"2022-11-17T10:37:20","slug":"politique-de-confidentialite","status":"publish","type":"page","link":"https:\/\/kuadrotek.com\/fr\/politique-de-confidentialite\/","title":{"rendered":"Politique de confidentialit\u00e9"},"content":{"rendered":"\t\t<div data-elementor-type=\"wp-page\" data-elementor-id=\"2416\" class=\"elementor elementor-2416 elementor-32\">\n\t\t\t\t\t\t\t\t\t<section class=\"elementor-section elementor-top-section elementor-element elementor-element-ca4ff7d elementor-section-boxed elementor-section-height-default elementor-section-height-default\" data-id=\"ca4ff7d\" data-element_type=\"section\">\n\t\t\t\t\t\t<div class=\"elementor-container elementor-column-gap-default\">\n\t\t\t\t\t<div class=\"elementor-column elementor-col-100 elementor-top-column elementor-element elementor-element-e493df6\" data-id=\"e493df6\" data-element_type=\"column\">\n\t\t\t<div class=\"elementor-widget-wrap elementor-element-populated\">\n\t\t\t\t\t\t\t\t<div class=\"elementor-element elementor-element-98e5ecf elementor-widget elementor-widget-text-editor\" data-id=\"98e5ecf\" data-element_type=\"widget\" data-widget_type=\"text-editor.default\">\n\t\t\t\t<div class=\"elementor-widget-container\">\n\t\t\t<style>\/*! elementor - v3.6.5 - 27-04-2022 *\/\n.elementor-widget-text-editor.elementor-drop-cap-view-stacked .elementor-drop-cap{background-color:#818a91;color:#fff}.elementor-widget-text-editor.elementor-drop-cap-view-framed .elementor-drop-cap{color:#818a91;border:3px solid;background-color:transparent}.elementor-widget-text-editor:not(.elementor-drop-cap-view-default) .elementor-drop-cap{margin-top:8px}.elementor-widget-text-editor:not(.elementor-drop-cap-view-default) .elementor-drop-cap-letter{width:1em;height:1em}.elementor-widget-text-editor .elementor-drop-cap{float:left;text-align:center;line-height:1;font-size:50px}.elementor-widget-text-editor .elementor-drop-cap-letter{display:inline-block}<\/style>\t\t\t\t<h2>Qui est responsable du traitement de vos donn\u00e9es ?<\/h2>\n  \t    <ul>\n            <li>Responsable : KUADROTEK GROUP SYSTEMS, S.L.<\/li>\n            <li>Cif:&nbsp;B43936046<\/li>\n            <li>Coordonn\u00e9es:&nbsp;REINO UNIDO, S\/N, NAVE P8-P9, P.I.CONSTANT\u00cd, 43120 CONSTANT\u00cd, TARRAGONA.<\/li>\n            <li>Email:&nbsp;kuadrotek@kuadrotek.com<\/li>\n        <\/ul>\n        <h2>\u00c0 quelles fins traitons-nous vos donn\u00e9es personnelles ?<\/h2>\n        <p>KUADROTEK GROUP SYSTEMS, S.L. traite les informations fournies par les parties int\u00e9ress\u00e9es afin de :<\/p>\n        <p>R\u00e8glement g\u00e9n\u00e9ral sur la protection des donn\u00e9es ;<\/p>\n        <p>GDPR : 6.1.b) Traitement n\u00e9cessaire \u00e0 l&rsquo;ex\u00e9cution d&rsquo;un contrat auquel la personne concern\u00e9e est partie ou \u00e0 la mise en \u0153uvre, \u00e0 la demande de la personne concern\u00e9e, de mesures pr\u00e9contractuelles.&nbsp; GDPR : 6.1.c) Traitement n\u00e9cessaire au respect d&rsquo;une obligation l\u00e9gale applicable au responsable du traitement.<\/p>\n        <p>Gestion administrative, comptable et fiscale, envoi de communications li\u00e9es \u00e0 la relation commerciale avec notre client et \u00e0 la prestation des services fournis, envoi de produits par des tiers, services li\u00e9s \u00e0 la vente en ligne. Attention aux plaintes et aux retours<\/p>\n        <h2>Combien de temps conservons-nous vos donn\u00e9es ?<\/h2>\n        <p>Elles seront conserv\u00e9es pendant le temps n\u00e9cessaire pour se conformer \u00e0 la finalit\u00e9 pour laquelle elles ont \u00e9t\u00e9 collect\u00e9es et pour d\u00e9terminer les \u00e9ventuelles responsabilit\u00e9s qui peuvent d\u00e9couler de ladite finalit\u00e9 et du traitement des donn\u00e9es, y compris le respect des obligations l\u00e9gales. Pour les finalit\u00e9s pour lesquelles nous avons besoin de votre consentement expr\u00e8s, elles seront conserv\u00e9es tant que la personne concern\u00e9e n&rsquo;exerce pas son droit \u00e0 l&rsquo;effacement ou \u00e0 la limitation de la finalit\u00e9, par exemple l&rsquo;envoi de communications commerciales.<\/p>\n        <h2>Quelle est la l\u00e9gitimit\u00e9 du traitement de vos donn\u00e9es ?<\/h2>\n        <p>Nous indiquons la base juridique du traitement de vos donn\u00e9es :<\/p>\n        <ul>\n            <li>Ex\u00e9cution d&rsquo;un contrat : contrat de vente de biens via notre boutique en ligne<\/li>\n            <li>Int\u00e9r\u00eat l\u00e9gitime du contr\u00f4leur : toutes les fins d\u00e9crites et li\u00e9es au service fourni : achat, service \u00e0 la client\u00e8le, retour, transfert \u00e0 des tiers pour le transport et la livraison, gestion des coupons et des offres aux clients, communications avec le client en relation avec le service, r\u00e9clamations et plaintes.<\/li>\n            <li>Consentement de l&rsquo;int\u00e9ress\u00e9 : fins pour lesquelles nous demandons le consentement de l&rsquo;utilisateur et\/ou du client : envoi de communications commerciales, transfert de donn\u00e9es \u00e0 des tiers pour des promotions commerciales.<\/li>\n        <\/ul>\n\n        <h2>A quels destinataires vos donn\u00e9es seront-elles communiqu\u00e9es ?<\/h2>\n        <p>Les donn\u00e9es seront communiqu\u00e9es aux destinataires suivants :<\/p>\n        <ul>\n            <li>Administration publique comp\u00e9tente en la mati\u00e8re, aux fins du respect des obligations l\u00e9gales.<\/li>\n            <li>Organisations et entreprises li\u00e9es au responsable du traitement des donn\u00e9es qui permettent la prestation de services, dans le but de Fournir des services web, vente de produits en ligne, transport, etc.<\/li>\n            <li>Les soci\u00e9t\u00e9s de communication, dans le but d&rsquo;envoyer des communications commerciales sur nos produits ou services ou la promotion de tiers.<\/li>\n            <li>Soci\u00e9t\u00e9s de services de paiement en ligne : Paypal, pour les paiements et les transferts.<\/li>\n        <\/ul>\n        <h2>Transferts de donn\u00e9es vers des pays tiers<\/h2>\n        <p>Il n&rsquo;est pas pr\u00e9vu de transf\u00e9rer des donn\u00e9es vers des pays tiers.<\/p>\n        <h2>Quels sont vos droits lorsque vous nous communiquez vos donn\u00e9es ?<\/h2>\n        <p>Les parties int\u00e9ress\u00e9es ont le droit d&rsquo;acc\u00e9der \u00e0 leurs donn\u00e9es personnelles, ainsi que de demander la rectification des donn\u00e9es inexactes ou, le cas \u00e9ch\u00e9ant, de demander leur suppression lorsque, entre autres raisons, les donn\u00e9es ne sont plus n\u00e9cessaires aux fins pour lesquelles elles ont \u00e9t\u00e9 collect\u00e9es.<\/p>\n        <p>Dans certaines circonstances, les personnes concern\u00e9es peuvent nous demander de restreindre le traitement de leurs donn\u00e9es, auquel cas nous ne conserverons les donn\u00e9es que dans le but d&rsquo;exercer ou de d\u00e9fendre des revendications.<\/p>\n        <p>Dans certaines circonstances et pour des raisons tenant \u00e0 leur situation particuli\u00e8re, les personnes concern\u00e9es peuvent s&rsquo;opposer au traitement de leurs donn\u00e9es. Dans ce cas, KUADROTEK GROUP SYSTEMS, S.L. cessera de traiter les donn\u00e9es, sauf pour des raisons l\u00e9gitimes imp\u00e9rieuses, ou l&rsquo;exercice ou la d\u00e9fense d&rsquo;\u00e9ventuelles r\u00e9clamations.<\/p>\n        <p>Vous pouvez exercer vos droits de la mani\u00e8re suivante : en envoyant un courrier \u00e9lectronique \u00e0 l&rsquo;adresse e-mail&nbsp;kuadrotek@kuadrotek.com.<\/p>\n        <p>Si vous avez donn\u00e9 votre consentement pour une finalit\u00e9 sp\u00e9cifique, vous avez le droit de retirer votre consentement \u00e0 tout moment, sans que cela n&rsquo;affecte la lic\u00e9it\u00e9 du traitement fond\u00e9 sur votre consentement avant son retrait.<\/p>\n        <p>Si vous estimez que vos droits concernant la protection de vos donn\u00e9es personnelles ont \u00e9t\u00e9 viol\u00e9s, notamment si vous n&rsquo;avez pas obtenu satisfaction dans l&rsquo;exercice de vos droits, vous pouvez d\u00e9poser une plainte aupr\u00e8s de l&rsquo;autorit\u00e9 de contr\u00f4le de la protection des donn\u00e9es comp\u00e9tente via son site web :&nbsp;www.agpd.es.<\/p>\n        <h2>Comment avons-nous obtenu vos donn\u00e9es ?<\/h2>\n        <p>Les donn\u00e9es personnelles que nous traitons \u00e0 KUADROTEK GROUP SYSTEMS, S.L.&nbsp;proviennent de la personne concern\u00e9e.<\/p>\n        <p>Les cat\u00e9gories de donn\u00e9es trait\u00e9es sont :<\/p>\n        <ul>\n            <li>Les donn\u00e9es d&rsquo;identification<\/li>\n            <li>Adresses postale et \u00e9lectronique<\/li>\n            <li>Donn\u00e9es \u00e9conomiques<\/li>\n        <\/ul>\n        <p>Des cat\u00e9gories particuli\u00e8res de donn\u00e9es \u00e0 caract\u00e8re personnel ne sont pas trait\u00e9es (telles que les donn\u00e9es r\u00e9v\u00e9lant l&rsquo;origine raciale ou ethnique, les opinions politiques, les convictions religieuses ou philosophiques, l&rsquo;appartenance syndicale, les donn\u00e9es g\u00e9n\u00e9tiques, les donn\u00e9es biom\u00e9triques destin\u00e9es \u00e0 identifier de mani\u00e8re unique une personne physique, les donn\u00e9es concernant la sant\u00e9 ou les donn\u00e9es concernant la vie sexuelle ou l&rsquo;orientation sexuelle d&rsquo;une personne physique).<\/p>\n    \t\t\t\t\t\t<\/div>\n\t\t\t\t<\/div>\n\t\t\t\t\t<\/div>\n\t\t<\/div>\n\t\t\t\t\t\t\t<\/div>\n\t\t<\/section>\n\t\t\t\t\t\t\t<\/div>\n\t\t","protected":false},"excerpt":{"rendered":"<p>Qui est responsable du traitement de vos donn\u00e9es ? Responsable : KUADROTEK GROUP SYSTEMS, S.L. Cif:&nbsp;B43936046 Coordonn\u00e9es:&nbsp;REINO UNIDO, S\/N, NAVE P8-P9, P.I.CONSTANT\u00cd, 43120 CONSTANT\u00cd, TARRAGONA. Email:&nbsp;kuadrotek@kuadrotek.com \u00c0 quelles fins traitons-nous vos donn\u00e9es personnelles ? KUADROTEK GROUP SYSTEMS, S.L. traite les informations fournies par les parties int\u00e9ress\u00e9es afin de : R\u00e8glement g\u00e9n\u00e9ral sur la protection des [&hellip;]<\/p>\n","protected":false},"author":1,"featured_media":0,"parent":0,"menu_order":0,"comment_status":"closed","ping_status":"closed","template":"","meta":{"inline_featured_image":false},"yoast_head":"<!-- This site is optimized with the Yoast SEO plugin v19.13 - https:\/\/yoast.com\/wordpress\/plugins\/seo\/ -->\n<title>Politique de confidentialit\u00e9 | Kuadrotek, fabrication de tableaux \u00e9lectriques<\/title>\n<meta name=\"description\" content=\"Apprenez-en davantage sur le traitement et la protection des donn\u00e9es personnelles sur le site web de Kuadrotek et d\u00e9couvrez les tableaux \u00e9lectriques et les syst\u00e8mes d&#039;automatisation.\" \/>\n<meta name=\"robots\" content=\"index, follow, max-snippet:-1, max-image-preview:large, max-video-preview:-1\" \/>\n<link rel=\"canonical\" href=\"https:\/\/kuadrotek.com\/fr\/politique-de-confidentialite\/\" \/>\n<meta property=\"og:locale\" content=\"fr_FR\" \/>\n<meta property=\"og:type\" content=\"article\" \/>\n<meta property=\"og:title\" content=\"Politique de confidentialit\u00e9 | Kuadrotek, fabrication de tableaux \u00e9lectriques\" \/>\n<meta property=\"og:description\" content=\"Apprenez-en davantage sur le traitement et la protection des donn\u00e9es personnelles sur le site web de Kuadrotek et d\u00e9couvrez les tableaux \u00e9lectriques et les syst\u00e8mes d&#039;automatisation.\" \/>\n<meta property=\"og:url\" content=\"https:\/\/kuadrotek.com\/fr\/politique-de-confidentialite\/\" \/>\n<meta property=\"og:site_name\" content=\"Kuadrotek\" \/>\n<meta property=\"article:modified_time\" content=\"2022-11-17T10:37:20+00:00\" \/>\n<meta name=\"twitter:card\" content=\"summary_large_image\" \/>\n<meta name=\"twitter:label1\" content=\"Dur\u00e9e de lecture estim\u00e9e\" \/>\n\t<meta name=\"twitter:data1\" content=\"5 minutes\" \/>\n<script type=\"application\/ld+json\" class=\"yoast-schema-graph\">{\"@context\":\"https:\/\/schema.org\",\"@graph\":[{\"@type\":\"WebPage\",\"@id\":\"https:\/\/kuadrotek.com\/fr\/politique-de-confidentialite\/\",\"url\":\"https:\/\/kuadrotek.com\/fr\/politique-de-confidentialite\/\",\"name\":\"Politique de confidentialit\u00e9 | Kuadrotek, fabrication de tableaux \u00e9lectriques\",\"isPartOf\":{\"@id\":\"https:\/\/kuadrotek.com\/fr\/#website\"},\"datePublished\":\"2022-05-09T09:29:26+00:00\",\"dateModified\":\"2022-11-17T10:37:20+00:00\",\"description\":\"Apprenez-en davantage sur le traitement et la protection des donn\u00e9es personnelles sur le site web de Kuadrotek et d\u00e9couvrez les tableaux \u00e9lectriques et les syst\u00e8mes d'automatisation.\",\"breadcrumb\":{\"@id\":\"https:\/\/kuadrotek.com\/fr\/politique-de-confidentialite\/#breadcrumb\"},\"inLanguage\":\"fr-FR\",\"potentialAction\":[{\"@type\":\"ReadAction\",\"target\":[\"https:\/\/kuadrotek.com\/fr\/politique-de-confidentialite\/\"]}]},{\"@type\":\"BreadcrumbList\",\"@id\":\"https:\/\/kuadrotek.com\/fr\/politique-de-confidentialite\/#breadcrumb\",\"itemListElement\":[{\"@type\":\"ListItem\",\"position\":1,\"name\":\"Portada\",\"item\":\"https:\/\/kuadrotek.com\/fr\/\"},{\"@type\":\"ListItem\",\"position\":2,\"name\":\"Politique de confidentialit\u00e9\"}]},{\"@type\":\"WebSite\",\"@id\":\"https:\/\/kuadrotek.com\/fr\/#website\",\"url\":\"https:\/\/kuadrotek.com\/fr\/\",\"name\":\"Kuadrotek\",\"description\":\"Just another WordPress site\",\"publisher\":{\"@id\":\"https:\/\/kuadrotek.com\/fr\/#organization\"},\"potentialAction\":[{\"@type\":\"SearchAction\",\"target\":{\"@type\":\"EntryPoint\",\"urlTemplate\":\"https:\/\/kuadrotek.com\/fr\/?s={search_term_string}\"},\"query-input\":\"required name=search_term_string\"}],\"inLanguage\":\"fr-FR\"},{\"@type\":\"Organization\",\"@id\":\"https:\/\/kuadrotek.com\/fr\/#organization\",\"name\":\"Kuadrotek\",\"url\":\"https:\/\/kuadrotek.com\/fr\/\",\"logo\":{\"@type\":\"ImageObject\",\"inLanguage\":\"fr-FR\",\"@id\":\"https:\/\/kuadrotek.com\/fr\/#\/schema\/logo\/image\/\",\"url\":\"https:\/\/kuadrotek.com\/wp-content\/uploads\/2022\/10\/logo-kuadrotek-cuadros-electricos.svg\",\"contentUrl\":\"https:\/\/kuadrotek.com\/wp-content\/uploads\/2022\/10\/logo-kuadrotek-cuadros-electricos.svg\",\"width\":325,\"height\":77,\"caption\":\"Kuadrotek\"},\"image\":{\"@id\":\"https:\/\/kuadrotek.com\/fr\/#\/schema\/logo\/image\/\"}}]}<\/script>\n<!-- \/ Yoast SEO plugin. -->","yoast_head_json":{"title":"Politique de confidentialit\u00e9 | Kuadrotek, fabrication de tableaux \u00e9lectriques","description":"Apprenez-en davantage sur le traitement et la protection des donn\u00e9es personnelles sur le site web de Kuadrotek et d\u00e9couvrez les tableaux \u00e9lectriques et les syst\u00e8mes d'automatisation.","robots":{"index":"index","follow":"follow","max-snippet":"max-snippet:-1","max-image-preview":"max-image-preview:large","max-video-preview":"max-video-preview:-1"},"canonical":"https:\/\/kuadrotek.com\/fr\/politique-de-confidentialite\/","og_locale":"fr_FR","og_type":"article","og_title":"Politique de confidentialit\u00e9 | Kuadrotek, fabrication de tableaux \u00e9lectriques","og_description":"Apprenez-en davantage sur le traitement et la protection des donn\u00e9es personnelles sur le site web de Kuadrotek et d\u00e9couvrez les tableaux \u00e9lectriques et les syst\u00e8mes d'automatisation.","og_url":"https:\/\/kuadrotek.com\/fr\/politique-de-confidentialite\/","og_site_name":"Kuadrotek","article_modified_time":"2022-11-17T10:37:20+00:00","twitter_card":"summary_large_image","twitter_misc":{"Dur\u00e9e de lecture estim\u00e9e":"5 minutes"},"schema":{"@context":"https:\/\/schema.org","@graph":[{"@type":"WebPage","@id":"https:\/\/kuadrotek.com\/fr\/politique-de-confidentialite\/","url":"https:\/\/kuadrotek.com\/fr\/politique-de-confidentialite\/","name":"Politique de confidentialit\u00e9 | Kuadrotek, fabrication de tableaux \u00e9lectriques","isPartOf":{"@id":"https:\/\/kuadrotek.com\/fr\/#website"},"datePublished":"2022-05-09T09:29:26+00:00","dateModified":"2022-11-17T10:37:20+00:00","description":"Apprenez-en davantage sur le traitement et la protection des donn\u00e9es personnelles sur le site web de Kuadrotek et d\u00e9couvrez les tableaux \u00e9lectriques et les syst\u00e8mes d'automatisation.","breadcrumb":{"@id":"https:\/\/kuadrotek.com\/fr\/politique-de-confidentialite\/#breadcrumb"},"inLanguage":"fr-FR","potentialAction":[{"@type":"ReadAction","target":["https:\/\/kuadrotek.com\/fr\/politique-de-confidentialite\/"]}]},{"@type":"BreadcrumbList","@id":"https:\/\/kuadrotek.com\/fr\/politique-de-confidentialite\/#breadcrumb","itemListElement":[{"@type":"ListItem","position":1,"name":"Portada","item":"https:\/\/kuadrotek.com\/fr\/"},{"@type":"ListItem","position":2,"name":"Politique de confidentialit\u00e9"}]},{"@type":"WebSite","@id":"https:\/\/kuadrotek.com\/fr\/#website","url":"https:\/\/kuadrotek.com\/fr\/","name":"Kuadrotek","description":"Just another WordPress site","publisher":{"@id":"https:\/\/kuadrotek.com\/fr\/#organization"},"potentialAction":[{"@type":"SearchAction","target":{"@type":"EntryPoint","urlTemplate":"https:\/\/kuadrotek.com\/fr\/?s={search_term_string}"},"query-input":"required name=search_term_string"}],"inLanguage":"fr-FR"},{"@type":"Organization","@id":"https:\/\/kuadrotek.com\/fr\/#organization","name":"Kuadrotek","url":"https:\/\/kuadrotek.com\/fr\/","logo":{"@type":"ImageObject","inLanguage":"fr-FR","@id":"https:\/\/kuadrotek.com\/fr\/#\/schema\/logo\/image\/","url":"https:\/\/kuadrotek.com\/wp-content\/uploads\/2022\/10\/logo-kuadrotek-cuadros-electricos.svg","contentUrl":"https:\/\/kuadrotek.com\/wp-content\/uploads\/2022\/10\/logo-kuadrotek-cuadros-electricos.svg","width":325,"height":77,"caption":"Kuadrotek"},"image":{"@id":"https:\/\/kuadrotek.com\/fr\/#\/schema\/logo\/image\/"}}]}},"_links":{"self":[{"href":"https:\/\/kuadrotek.com\/fr\/wp-json\/wp\/v2\/pages\/2416"}],"collection":[{"href":"https:\/\/kuadrotek.com\/fr\/wp-json\/wp\/v2\/pages"}],"about":[{"href":"https:\/\/kuadrotek.com\/fr\/wp-json\/wp\/v2\/types\/page"}],"author":[{"embeddable":true,"href":"https:\/\/kuadrotek.com\/fr\/wp-json\/wp\/v2\/users\/1"}],"replies":[{"embeddable":true,"href":"https:\/\/kuadrotek.com\/fr\/wp-json\/wp\/v2\/comments?post=2416"}],"version-history":[{"count":1,"href":"https:\/\/kuadrotek.com\/fr\/wp-json\/wp\/v2\/pages\/2416\/revisions"}],"predecessor-version":[{"id":2417,"href":"https:\/\/kuadrotek.com\/fr\/wp-json\/wp\/v2\/pages\/2416\/revisions\/2417"}],"wp:attachment":[{"href":"https:\/\/kuadrotek.com\/fr\/wp-json\/wp\/v2\/media?parent=2416"}],"curies":[{"name":"wp","href":"https:\/\/api.w.org\/{rel}","templated":true}]}}