{"id":2412,"date":"2022-10-14T08:33:21","date_gmt":"2022-10-14T08:33:21","guid":{"rendered":"https:\/\/kuadrotek.com\/notice-legale\/"},"modified":"2023-02-09T09:53:30","modified_gmt":"2023-02-09T09:53:30","slug":"notice-legale","status":"publish","type":"page","link":"https:\/\/kuadrotek.com\/fr\/notice-legale\/","title":{"rendered":"Notice l\u00e9gale"},"content":{"rendered":"\t\t<div data-elementor-type=\"wp-page\" data-elementor-id=\"2412\" class=\"elementor elementor-2412 elementor-882\">\n\t\t\t\t\t\t\t\t\t<section class=\"elementor-section elementor-top-section elementor-element elementor-element-ca4ff7d elementor-section-boxed elementor-section-height-default elementor-section-height-default\" data-id=\"ca4ff7d\" data-element_type=\"section\">\n\t\t\t\t\t\t<div class=\"elementor-container elementor-column-gap-default\">\n\t\t\t\t\t<div class=\"elementor-column elementor-col-100 elementor-top-column elementor-element elementor-element-e493df6\" data-id=\"e493df6\" data-element_type=\"column\">\n\t\t\t<div class=\"elementor-widget-wrap elementor-element-populated\">\n\t\t\t\t\t\t\t\t<div class=\"elementor-element elementor-element-98e5ecf elementor-widget elementor-widget-text-editor\" data-id=\"98e5ecf\" data-element_type=\"widget\" data-widget_type=\"text-editor.default\">\n\t\t\t\t<div class=\"elementor-widget-container\">\n\t\t\t<style>\/*! elementor - v3.6.5 - 27-04-2022 *\/\n.elementor-widget-text-editor.elementor-drop-cap-view-stacked .elementor-drop-cap{background-color:#818a91;color:#fff}.elementor-widget-text-editor.elementor-drop-cap-view-framed .elementor-drop-cap{color:#818a91;border:3px solid;background-color:transparent}.elementor-widget-text-editor:not(.elementor-drop-cap-view-default) .elementor-drop-cap{margin-top:8px}.elementor-widget-text-editor:not(.elementor-drop-cap-view-default) .elementor-drop-cap-letter{width:1em;height:1em}.elementor-widget-text-editor .elementor-drop-cap{float:left;text-align:center;line-height:1;font-size:50px}.elementor-widget-text-editor .elementor-drop-cap-letter{display:inline-block}<\/style>\t\t\t\t<h2>RESPONSABILIT\u00c9 DES UTILISATEURS POUR L&rsquo;UTILISATION ET LE CONTENU<\/h2>\n<p>Tant l&rsquo;acc\u00e8s aux sites web que l&rsquo;utilisation qui peut \u00eatre faite des informations et des contenus qui y sont inclus rel\u00e8vent de la responsabilit\u00e9 exclusive de l&rsquo;utilisateur.<\/p>\n<p>Par cons\u00e9quent, l&rsquo;utilisation qui peut \u00eatre faite des informations, des images, des contenus et\/ou des produits d\u00e9crits et accessibles \u00e0 travers ces derniers sera soumise \u00e0 la l\u00e9gislation nationale ou internationale applicable, ainsi qu&rsquo;aux principes de bonne foi et d&rsquo;utilisation licite par les utilisateurs, qui seront pleinement responsables de cet acc\u00e8s et de cette utilisation correcte.<\/p>\n<p>Les utilisateurs sont tenus de faire un usage raisonnable des services ou des contenus, en vertu du principe de bonne foi et dans le respect de la l\u00e9gislation en vigueur, de la morale, de l&rsquo;ordre public, des bonnes coutumes, des droits des tiers ou des droits de l&rsquo;utilisateur. <strong>KUADROTEK<\/strong>Le tout conform\u00e9ment aux possibilit\u00e9s et aux objectifs pour lesquels ils ont \u00e9t\u00e9 con\u00e7us. KUADROTEK n&rsquo;assume aucune responsabilit\u00e9, qu&rsquo;elle soit directe ou indirecte, pour les dommages indirects ou le manque \u00e0 gagner, d\u00e9coulant de la mauvaise utilisation des services ou des contenus par les utilisateurs ou des tiers.<\/p>\n<div>\n<h2>INFORMATIONS SUR LSSI-CE<\/h2>\n<p>Conform\u00e9ment \u00e0 l&rsquo;obligation d&rsquo;information pr\u00e9vue \u00e0 l&rsquo;article 10 de la loi 34\/2002, du 11 juillet 2002, sur les services de la soci\u00e9t\u00e9 de l&rsquo;information et le commerce \u00e9lectronique, nous vous informons que le responsable de ce site web est <strong>KUADROTEK<\/strong>, dont le num\u00e9ro d&rsquo;identification fiscale est B-43936046 et dont le si\u00e8ge social est situ\u00e9 \u00e0 Pol. Ind. Constant\u00ed C. Gr\u00e8cia, n. 10 Nave A02 43120 Constant\u00ed (Tarragona), avec une adresse Internet www.kuadrotek.com, enregistr\u00e9e dans le registre correspondant.<\/p>\n<\/div>\n<div>\n<h2>CONCEPT D&rsquo;UTILISATEUR<\/h2>\n<p>L&rsquo;utilisation du site web attribue la condition d&rsquo;utilisateur et implique l&rsquo;acceptation pleine et sans r\u00e9serve de toutes et chacune des dispositions incluses dans le pr\u00e9sent avis l\u00e9gal dans la version publi\u00e9e par <strong>KUADROTEK<\/strong>, au moment m\u00eame o\u00f9 l&rsquo;utilisateur acc\u00e8de au site web. Par cons\u00e9quent, l&rsquo;utilisateur doit lire attentivement le pr\u00e9sent avis juridique chaque fois qu&rsquo;il a l&rsquo;intention d&rsquo;utiliser le site web, car il peut \u00eatre modifi\u00e9.<\/p>\n<\/div>\n<div>\n<h2>INFORMATIONS SUR LES LIENS<\/h2>\n<p><strong>KUADROTEK<\/strong> n&rsquo;est pas responsable des sites web n&rsquo;appartenant pas \u00e0 KUADROTEK et accessibles par des liens ou de tout contenu mis \u00e0 disposition par des tiers.<\/p>\n<p>L&rsquo;utilisation d&rsquo;un lien ou l&rsquo;acc\u00e8s \u00e0 un site web n&rsquo;appartenant pas \u00e0 <strong>KUADROTEK<\/strong> se fait aux seuls risques et responsabilit\u00e9s de l&rsquo;utilisateur et <strong>KUADROTEK<\/strong> ne recommande ni ne garantit aucune information obtenue par le biais d&rsquo;un lien n&rsquo;appartenant pas au site web de KUADROTEK.La soci\u00e9t\u00e9 ne peut \u00eatre tenue responsable de toute perte, r\u00e9clamation ou dommage r\u00e9sultant de l&rsquo;utilisation ou de la mauvaise utilisation d&rsquo;un lien ou des informations obtenues par le biais d&rsquo;un lien, y compris d&rsquo;autres liens ou sites web, de toute interruption de service ou d&rsquo;acc\u00e8s, ou de toute tentative d&rsquo;utilisation ou de mauvaise utilisation d&rsquo;un lien, que ce soit ou non en se connectant au site web de <strong>KUADROTEK<\/strong> ainsi que lors de l&rsquo;acc\u00e8s \u00e0 des informations provenant d&rsquo;autres sites web \u00e0 partir du site web de <strong>KUADROTEK<\/strong>.<\/p>\n<\/div>\n<div>\n<h2>INFORMATIONS SUR L&rsquo;UTILISATION DES COOKIES<\/h2>\n<p>Ce site web peut utiliser des cookies sur certaines pages. L&rsquo;objectif de ces cookies est d&rsquo;am\u00e9liorer le service offert \u00e0 vos clients et \u00e0 nos visiteurs.<\/p>\n<p>Les cookies sont de petits fichiers de donn\u00e9es qui sont g\u00e9n\u00e9r\u00e9s dans l&rsquo;ordinateur de l&rsquo;utilisateur et permettent d&rsquo;obtenir les informations suivantes :<\/p>\n<ul>\n<li>Date et heure de la derni\u00e8re visite de l&rsquo;utilisateur sur le site web.<\/li>\n<li>Conception du contenu que l&rsquo;utilisateur a choisi lors de sa premi\u00e8re visite sur le site web.<\/li>\n<li>\u00c9l\u00e9ments de s\u00e9curit\u00e9 impliqu\u00e9s dans le contr\u00f4le de l&rsquo;acc\u00e8s aux zones restreintes.<\/li>\n<\/ul>\n<\/div>\n<div>\n<h2>D\u00c9NI ET LIMITATION DE RESPONSABILIT\u00c9<\/h2>\n<p>Les informations et services inclus dans les pages web ou disponibles par l&rsquo;interm\u00e9diaire de celles-ci peuvent comporter des inexactitudes ou des erreurs typographiques. Des modifications sont apport\u00e9es p\u00e9riodiquement aux informations qu&rsquo;il contient. <strong>KUADROTEK<\/strong> peut \u00e0 tout moment apporter des am\u00e9liorations et\/ou des modifications aux services ou aux contenus.<\/p>\n<p><strong>KUADROTEK<\/strong> a obtenu les informations et le mat\u00e9riel contenus dans ce site web \u00e0 partir de sources consid\u00e9r\u00e9es comme fiables, mais bien que tous les efforts aient \u00e9t\u00e9 faits pour s&rsquo;assurer que les informations contenues dans ce site sont correctes, KUADROTEK ne garantit pas qu&rsquo;elles soient exactes ou \u00e0 jour.<\/p>\n<\/div>\n<div>\n<h2>INFORMATIONS SUR L&rsquo;EXCLUSION DE TOUTE RESPONSABILIT\u00c9 D\u00c9COULANT D&rsquo;UNE D\u00c9FAILLANCE TECHNIQUE OU DE CONTENUO<\/h2>\n<p><strong>KUADROTEK<\/strong> d\u00e9cline toute responsabilit\u00e9 en cas d&rsquo;interruption ou de dysfonctionnement des services ou contenus propos\u00e9s sur Internet, quelle qu&rsquo;en soit la cause. De m\u00eame, KUADROTEK n&rsquo;est pas responsable des pannes de r\u00e9seau, des pertes d&rsquo;activit\u00e9 r\u00e9sultant de ces pannes, des suspensions temporaires du flux \u00e9lectrique ou de tout autre type de dommages indirects pouvant \u00eatre caus\u00e9s aux utilisateurs pour des raisons ind\u00e9pendantes de la volont\u00e9 de <strong>KUADROTEK<\/strong>.<\/p>\n<p><strong>KUADROTEK<\/strong> ne d\u00e9clare ni ne garantit que les services ou le contenu seront ininterrompus ou exempts d&rsquo;erreurs, que les d\u00e9fauts seront corrig\u00e9s ou que le service ou le serveur qui le rend disponible sont exempts de virus ou d&rsquo;autres \u00e9l\u00e9ments nuisibles, nonobstant le fait que <strong>KUADROTEK<\/strong> fait de son mieux pour \u00e9viter de tels incidents. Dans le cas o\u00f9 l&rsquo;utilisateur prendrait certaines d\u00e9cisions ou effectuerait certaines actions sur la base des informations contenues dans l&rsquo;un des sites web, il est recommand\u00e9 de v\u00e9rifier les informations re\u00e7ues aupr\u00e8s d&rsquo;autres sources.<\/p>\n<\/div>\n<div>\n<h2>PROPRI\u00c9T\u00c9 INDUSTRIELLE ET INTELLECTUELLE<\/h2>\n<p>Les contenus fournis par <strong>KUADROTEK<\/strong>, ainsi que les contenus mis \u00e0 disposition sur le r\u00e9seau via ses pages web, constituent une \u0153uvre au sens des lois restantes sur la propri\u00e9t\u00e9 intellectuelle et sont donc prot\u00e9g\u00e9s par les lois applicables et les conventions internationales en la mati\u00e8re.<\/p>\n<p>Toute forme de reproduction, distribution, communication publique, transformation, mise \u00e0 disposition et, en g\u00e9n\u00e9ral, tout autre acte d&rsquo;exploitation publique se r\u00e9f\u00e9rant tant aux pages web qu&rsquo;\u00e0 leurs contenus et informations, sans le consentement expr\u00e8s et pr\u00e9alable par \u00e9crit de <strong>KUADROTEK<\/strong>, est interdite.<\/p>\n<p>Par cons\u00e9quent, tous les contenus affich\u00e9s sur les diff\u00e9rents sites web et, en particulier, les dessins, textes, graphiques, logos, ic\u00f4nes, boutons, logiciels, noms commerciaux, marques, dessins industriels ou tout autre signe susceptible d&rsquo;utilisation industrielle et commerciale sont soumis aux droits de propri\u00e9t\u00e9 intellectuelle et industrielle de <strong>KUADROTEK<\/strong> ou des tiers propri\u00e9taires de ces derniers qui ont d\u00fbment autoris\u00e9 leur inclusion sur les diff\u00e9rents sites web.<\/p>\n<p>Les contenus, les images, les formes, les opinions, l&rsquo;index et toutes les autres expressions formelles qui font partie des pages web, ainsi que le logiciel n\u00e9cessaire \u00e0 leur fonctionnement et \u00e0 leur visualisation, constituent \u00e9galement une \u0153uvre au sens de la loi sur le droit d&rsquo;auteur et sont, par cons\u00e9quent, prot\u00e9g\u00e9s par les conventions internationales et les l\u00e9gislations nationales applicables en mati\u00e8re de propri\u00e9t\u00e9 intellectuelle. Le non-respect de cette obligation implique la commission d&rsquo;actes illicites graves et est sanctionn\u00e9 par le droit civil et p\u00e9nal.<\/p>\n<p>Tout acte en vertu duquel les utilisateurs des services ou des contenus peuvent exploiter ou faire un usage commercial, directement ou indirectement, en tout ou en partie, de l&rsquo;un des contenus, images, formulaires, index et autres expressions formelles qui font partie des pages web sans l&rsquo;autorisation \u00e9crite pr\u00e9alable de <strong>KUADROTEK<\/strong><\/p>\n<p>En particulier, et sans limitation, la reproduction, la distribution, l&rsquo;affichage, l&rsquo;exposition, la transmission, la retransmission, la diffusion sous quelque forme que ce soit, le stockage sur des supports physiques ou logiques (par exemple, disquettes ou disques durs d&rsquo;ordinateur), la num\u00e9risation ou la mise \u00e0 disposition \u00e0 partir de bases de donn\u00e9es autres que celles autoris\u00e9es par <strong>KUADROTEK<\/strong>ainsi que leur traduction, adaptation, arrangement ou toute autre transformation des opinions, images, formulaires, index et autres expressions formelles susmentionn\u00e9es qui sont mises \u00e0 la disposition des utilisateurs par le biais des services ou contenus, dans la mesure o\u00f9 ces actes sont soumis \u00e0 la l\u00e9gislation applicable en mati\u00e8re de propri\u00e9t\u00e9 intellectuelle, industrielle ou de protection de l&rsquo;image.<\/p>\n<p><strong>KUADROTEK<\/strong> est libre de limiter l&rsquo;acc\u00e8s aux pages web et aux produits et\/ou services qui y sont propos\u00e9s, ainsi que la publication ult\u00e9rieure des opinions, observations, images ou commentaires que les utilisateurs peuvent envoyer par courrier \u00e9lectronique.<\/p>\n<p><strong>KUADROTEK<\/strong>\u00c0 cet \u00e9gard, il pourra \u00e9tablir, s&rsquo;il le juge opportun, sans pr\u00e9judice de la responsabilit\u00e9 unique et exclusive des utilisateurs, les filtres n\u00e9cessaires pour \u00e9viter que des contenus ou des opinions consid\u00e9r\u00e9s comme racistes, x\u00e9nophobes, discriminatoires, pornographiques, diffamatoires ou qui, d&rsquo;une mani\u00e8re ou d&rsquo;une autre, encouragent la violence ou la diffusion de contenus manifestement illicites ou pr\u00e9judiciables ne soient post\u00e9s sur le r\u00e9seau via ses pages web.<\/p>\n<p>Les utilisateurs qui se soumettent aux sites web de <strong>KUADROTEK<\/strong>, \u00e0 ses suggestions, observations, opinions ou commentaires d\u00e9partementaux par le biais du service de courrier \u00e9lectronique, m\u00eame s&rsquo;ils expriment r\u00e9ellement et indubitablement le contraire, dans les cas o\u00f9, en raison de la nature des services ou des contenus, cela est possible ; il est entendu qu&rsquo;ils autorisent <strong>KUADROTEK<\/strong> pour la reproduction, la distribution, l&rsquo;affichage, la transmission, la retransmission, la diffusion dans n&rsquo;importe quel format, le stockage sur du mat\u00e9riel ou des logiciels (par exemple, disquettes ou disque dur d&rsquo;ordinateur), la num\u00e9risation, la mise \u00e0 disposition \u00e0 partir de bases de donn\u00e9es appartenant \u00e0 KUADROTEK, la traduction, l&rsquo;adaptation, l&rsquo;arrangement ou toute autre transformation de remarques, d&rsquo;opinions ou de commentaires tels que ceux-ci, tant que la protection du droit d&rsquo;auteur est l\u00e9galement pr\u00e9vue. Il est \u00e9galement entendu que cette autorisation est donn\u00e9e \u00e0 titre gratuit, et qu&rsquo;en envoyant simplement des observations, des opinions ou des commentaires de ce type par e-mail, les utilisateurs d\u00e9clinent toute pr\u00e9tention financi\u00e8re de la part de <strong>KUADROTEK<\/strong>.<\/p>\n<p>Conform\u00e9ment \u00e0 ce qui est indiqu\u00e9 au paragraphe pr\u00e9c\u00e9dent, <strong>KUADROTEK<\/strong> est \u00e9galement autoris\u00e9 \u00e0 proc\u00e9der \u00e0 la modification ou \u00e0 l&rsquo;alt\u00e9ration des observations, opinions ou commentaires tels que ceux-ci, afin de les adapter aux besoins du format \u00e9ditorial des pages web, sans que cela ne signifie qu&rsquo;il existe<br \/>de porter atteinte de quelque mani\u00e8re que ce soit aux droits moraux du droit d&rsquo;auteur que les utilisateurs peuvent d\u00e9tenir sur eux.<\/p>\n<p>Toutes les ressources techniques, logiques ou technologiques en vertu desquelles un tiers peut b\u00e9n\u00e9ficier, directement ou indirectement, avec ou sans profit, de chacun des contenus, formulaires, index et autres expressions formelles qui font partie des pages web ou de l&rsquo;effort fourni par <strong>KUADROTEK<\/strong> pour son utilisation. En particulier, tout lien, hyperlien, framing ou lien similaire qui pourrait \u00eatre \u00e9tabli en direction des pages web de <strong>KUADROTEK<\/strong> est interdit sans l&rsquo;accord pr\u00e9alable, expr\u00e8s et \u00e9crit de <strong>KUADROTEK<\/strong>. Toute infraction aux dispositions du pr\u00e9sent point sera consid\u00e9r\u00e9e comme une violation des droits l\u00e9gitimes de propri\u00e9t\u00e9 intellectuelle de <strong>KUADROTEK<\/strong>, sur les pages web et tous les contenus de celles-ci.<\/p>\n<p><strong>KUADROTEK<\/strong> n&rsquo;assumera aucun type de responsabilit\u00e9 pour les cons\u00e9quences d\u00e9riv\u00e9es des conduites et actions susmentionn\u00e9es, de m\u00eame qu&rsquo;il n&rsquo;assumera aucun type de responsabilit\u00e9 pour les contenus, services, produits, etc. de tiers auxquels il est possible d&rsquo;acc\u00e9der directement ou \u00e0 travers des banni\u00e8res, liens, hyperliens, framing ou liens similaires depuis les sites web de <strong>KUADROTEK<\/strong><\/p>\n<\/div>\n<div>\n<\/div>\n\t\t\t\t\t\t<\/div>\n\t\t\t\t<\/div>\n\t\t\t\t\t<\/div>\n\t\t<\/div>\n\t\t\t\t\t\t\t<\/div>\n\t\t<\/section>\n\t\t\t\t\t\t\t<\/div>\n\t\t","protected":false},"excerpt":{"rendered":"<p>RESPONSABILIT\u00c9 DES UTILISATEURS POUR L&rsquo;UTILISATION ET LE CONTENU Tant l&rsquo;acc\u00e8s aux sites web que l&rsquo;utilisation qui peut \u00eatre faite des informations et des contenus qui y sont inclus rel\u00e8vent de la responsabilit\u00e9 exclusive de l&rsquo;utilisateur. Par cons\u00e9quent, l&rsquo;utilisation qui peut \u00eatre faite des informations, des images, des contenus et\/ou des produits d\u00e9crits et accessibles \u00e0 [&hellip;]<\/p>\n","protected":false},"author":1,"featured_media":0,"parent":0,"menu_order":0,"comment_status":"closed","ping_status":"closed","template":"","meta":{"inline_featured_image":false},"yoast_head":"<!-- This site is optimized with the Yoast SEO plugin v19.13 - https:\/\/yoast.com\/wordpress\/plugins\/seo\/ -->\n<title>Notice l\u00e9gale | Kuadrotek, fabrication de panneaux \u00e9lectriques<\/title>\n<meta name=\"description\" content=\"Informations juridiques et conditions g\u00e9n\u00e9rales du site web https:\/\/www.kuadrotek.com\/. Conception et fabrication de panneaux \u00e9lectriques et de contr\u00f4le pour l&#039;automatisation.\" \/>\n<meta name=\"robots\" content=\"index, follow, max-snippet:-1, max-image-preview:large, max-video-preview:-1\" \/>\n<link rel=\"canonical\" href=\"https:\/\/kuadrotek.com\/fr\/notice-legale\/\" \/>\n<meta property=\"og:locale\" content=\"fr_FR\" \/>\n<meta property=\"og:type\" content=\"article\" \/>\n<meta property=\"og:title\" content=\"Notice l\u00e9gale | Kuadrotek, fabrication de panneaux \u00e9lectriques\" \/>\n<meta property=\"og:description\" content=\"Informations juridiques et conditions g\u00e9n\u00e9rales du site web https:\/\/www.kuadrotek.com\/. Conception et fabrication de panneaux \u00e9lectriques et de contr\u00f4le pour l&#039;automatisation.\" \/>\n<meta property=\"og:url\" content=\"https:\/\/kuadrotek.com\/fr\/notice-legale\/\" \/>\n<meta property=\"og:site_name\" content=\"Kuadrotek\" \/>\n<meta property=\"article:modified_time\" content=\"2023-02-09T09:53:30+00:00\" \/>\n<meta name=\"twitter:card\" content=\"summary_large_image\" \/>\n<meta name=\"twitter:label1\" content=\"Dur\u00e9e de lecture estim\u00e9e\" \/>\n\t<meta name=\"twitter:data1\" content=\"9 minutes\" \/>\n<script type=\"application\/ld+json\" class=\"yoast-schema-graph\">{\"@context\":\"https:\/\/schema.org\",\"@graph\":[{\"@type\":\"WebPage\",\"@id\":\"https:\/\/kuadrotek.com\/fr\/notice-legale\/\",\"url\":\"https:\/\/kuadrotek.com\/fr\/notice-legale\/\",\"name\":\"Notice l\u00e9gale | Kuadrotek, fabrication de panneaux \u00e9lectriques\",\"isPartOf\":{\"@id\":\"https:\/\/kuadrotek.com\/fr\/#website\"},\"datePublished\":\"2022-10-14T08:33:21+00:00\",\"dateModified\":\"2023-02-09T09:53:30+00:00\",\"description\":\"Informations juridiques et conditions g\u00e9n\u00e9rales du site web https:\/\/www.kuadrotek.com\/. Conception et fabrication de panneaux \u00e9lectriques et de contr\u00f4le pour l'automatisation.\",\"breadcrumb\":{\"@id\":\"https:\/\/kuadrotek.com\/fr\/notice-legale\/#breadcrumb\"},\"inLanguage\":\"fr-FR\",\"potentialAction\":[{\"@type\":\"ReadAction\",\"target\":[\"https:\/\/kuadrotek.com\/fr\/notice-legale\/\"]}]},{\"@type\":\"BreadcrumbList\",\"@id\":\"https:\/\/kuadrotek.com\/fr\/notice-legale\/#breadcrumb\",\"itemListElement\":[{\"@type\":\"ListItem\",\"position\":1,\"name\":\"Portada\",\"item\":\"https:\/\/kuadrotek.com\/fr\/\"},{\"@type\":\"ListItem\",\"position\":2,\"name\":\"Notice l\u00e9gale\"}]},{\"@type\":\"WebSite\",\"@id\":\"https:\/\/kuadrotek.com\/fr\/#website\",\"url\":\"https:\/\/kuadrotek.com\/fr\/\",\"name\":\"Kuadrotek\",\"description\":\"Just another WordPress site\",\"publisher\":{\"@id\":\"https:\/\/kuadrotek.com\/fr\/#organization\"},\"potentialAction\":[{\"@type\":\"SearchAction\",\"target\":{\"@type\":\"EntryPoint\",\"urlTemplate\":\"https:\/\/kuadrotek.com\/fr\/?s={search_term_string}\"},\"query-input\":\"required name=search_term_string\"}],\"inLanguage\":\"fr-FR\"},{\"@type\":\"Organization\",\"@id\":\"https:\/\/kuadrotek.com\/fr\/#organization\",\"name\":\"Kuadrotek\",\"url\":\"https:\/\/kuadrotek.com\/fr\/\",\"logo\":{\"@type\":\"ImageObject\",\"inLanguage\":\"fr-FR\",\"@id\":\"https:\/\/kuadrotek.com\/fr\/#\/schema\/logo\/image\/\",\"url\":\"https:\/\/kuadrotek.com\/wp-content\/uploads\/2022\/10\/logo-kuadrotek-cuadros-electricos.svg\",\"contentUrl\":\"https:\/\/kuadrotek.com\/wp-content\/uploads\/2022\/10\/logo-kuadrotek-cuadros-electricos.svg\",\"width\":325,\"height\":77,\"caption\":\"Kuadrotek\"},\"image\":{\"@id\":\"https:\/\/kuadrotek.com\/fr\/#\/schema\/logo\/image\/\"}}]}<\/script>\n<!-- \/ Yoast SEO plugin. -->","yoast_head_json":{"title":"Notice l\u00e9gale | Kuadrotek, fabrication de panneaux \u00e9lectriques","description":"Informations juridiques et conditions g\u00e9n\u00e9rales du site web https:\/\/www.kuadrotek.com\/. Conception et fabrication de panneaux \u00e9lectriques et de contr\u00f4le pour l'automatisation.","robots":{"index":"index","follow":"follow","max-snippet":"max-snippet:-1","max-image-preview":"max-image-preview:large","max-video-preview":"max-video-preview:-1"},"canonical":"https:\/\/kuadrotek.com\/fr\/notice-legale\/","og_locale":"fr_FR","og_type":"article","og_title":"Notice l\u00e9gale | Kuadrotek, fabrication de panneaux \u00e9lectriques","og_description":"Informations juridiques et conditions g\u00e9n\u00e9rales du site web https:\/\/www.kuadrotek.com\/. Conception et fabrication de panneaux \u00e9lectriques et de contr\u00f4le pour l'automatisation.","og_url":"https:\/\/kuadrotek.com\/fr\/notice-legale\/","og_site_name":"Kuadrotek","article_modified_time":"2023-02-09T09:53:30+00:00","twitter_card":"summary_large_image","twitter_misc":{"Dur\u00e9e de lecture estim\u00e9e":"9 minutes"},"schema":{"@context":"https:\/\/schema.org","@graph":[{"@type":"WebPage","@id":"https:\/\/kuadrotek.com\/fr\/notice-legale\/","url":"https:\/\/kuadrotek.com\/fr\/notice-legale\/","name":"Notice l\u00e9gale | Kuadrotek, fabrication de panneaux \u00e9lectriques","isPartOf":{"@id":"https:\/\/kuadrotek.com\/fr\/#website"},"datePublished":"2022-10-14T08:33:21+00:00","dateModified":"2023-02-09T09:53:30+00:00","description":"Informations juridiques et conditions g\u00e9n\u00e9rales du site web https:\/\/www.kuadrotek.com\/. Conception et fabrication de panneaux \u00e9lectriques et de contr\u00f4le pour l'automatisation.","breadcrumb":{"@id":"https:\/\/kuadrotek.com\/fr\/notice-legale\/#breadcrumb"},"inLanguage":"fr-FR","potentialAction":[{"@type":"ReadAction","target":["https:\/\/kuadrotek.com\/fr\/notice-legale\/"]}]},{"@type":"BreadcrumbList","@id":"https:\/\/kuadrotek.com\/fr\/notice-legale\/#breadcrumb","itemListElement":[{"@type":"ListItem","position":1,"name":"Portada","item":"https:\/\/kuadrotek.com\/fr\/"},{"@type":"ListItem","position":2,"name":"Notice l\u00e9gale"}]},{"@type":"WebSite","@id":"https:\/\/kuadrotek.com\/fr\/#website","url":"https:\/\/kuadrotek.com\/fr\/","name":"Kuadrotek","description":"Just another WordPress site","publisher":{"@id":"https:\/\/kuadrotek.com\/fr\/#organization"},"potentialAction":[{"@type":"SearchAction","target":{"@type":"EntryPoint","urlTemplate":"https:\/\/kuadrotek.com\/fr\/?s={search_term_string}"},"query-input":"required name=search_term_string"}],"inLanguage":"fr-FR"},{"@type":"Organization","@id":"https:\/\/kuadrotek.com\/fr\/#organization","name":"Kuadrotek","url":"https:\/\/kuadrotek.com\/fr\/","logo":{"@type":"ImageObject","inLanguage":"fr-FR","@id":"https:\/\/kuadrotek.com\/fr\/#\/schema\/logo\/image\/","url":"https:\/\/kuadrotek.com\/wp-content\/uploads\/2022\/10\/logo-kuadrotek-cuadros-electricos.svg","contentUrl":"https:\/\/kuadrotek.com\/wp-content\/uploads\/2022\/10\/logo-kuadrotek-cuadros-electricos.svg","width":325,"height":77,"caption":"Kuadrotek"},"image":{"@id":"https:\/\/kuadrotek.com\/fr\/#\/schema\/logo\/image\/"}}]}},"_links":{"self":[{"href":"https:\/\/kuadrotek.com\/fr\/wp-json\/wp\/v2\/pages\/2412"}],"collection":[{"href":"https:\/\/kuadrotek.com\/fr\/wp-json\/wp\/v2\/pages"}],"about":[{"href":"https:\/\/kuadrotek.com\/fr\/wp-json\/wp\/v2\/types\/page"}],"author":[{"embeddable":true,"href":"https:\/\/kuadrotek.com\/fr\/wp-json\/wp\/v2\/users\/1"}],"replies":[{"embeddable":true,"href":"https:\/\/kuadrotek.com\/fr\/wp-json\/wp\/v2\/comments?post=2412"}],"version-history":[{"count":3,"href":"https:\/\/kuadrotek.com\/fr\/wp-json\/wp\/v2\/pages\/2412\/revisions"}],"predecessor-version":[{"id":4343,"href":"https:\/\/kuadrotek.com\/fr\/wp-json\/wp\/v2\/pages\/2412\/revisions\/4343"}],"wp:attachment":[{"href":"https:\/\/kuadrotek.com\/fr\/wp-json\/wp\/v2\/media?parent=2412"}],"curies":[{"name":"wp","href":"https:\/\/api.w.org\/{rel}","templated":true}]}}