{"id":882,"date":"2022-10-14T08:33:21","date_gmt":"2022-10-14T08:33:21","guid":{"rendered":"https:\/\/kuadrotek.com\/?page_id=882"},"modified":"2022-11-03T14:41:57","modified_gmt":"2022-11-03T14:41:57","slug":"aviso-legal","status":"publish","type":"page","link":"https:\/\/kuadrotek.com\/es\/aviso-legal\/","title":{"rendered":"Aviso Legal"},"content":{"rendered":"\t\t<div data-elementor-type=\"wp-page\" data-elementor-id=\"882\" class=\"elementor elementor-882\">\n\t\t\t\t\t\t\t\t\t<section class=\"elementor-section elementor-top-section elementor-element elementor-element-ca4ff7d elementor-section-boxed elementor-section-height-default elementor-section-height-default\" data-id=\"ca4ff7d\" data-element_type=\"section\">\n\t\t\t\t\t\t<div class=\"elementor-container elementor-column-gap-default\">\n\t\t\t\t\t<div class=\"elementor-column elementor-col-100 elementor-top-column elementor-element elementor-element-e493df6\" data-id=\"e493df6\" data-element_type=\"column\">\n\t\t\t<div class=\"elementor-widget-wrap elementor-element-populated\">\n\t\t\t\t\t\t\t\t<div class=\"elementor-element elementor-element-98e5ecf elementor-widget elementor-widget-text-editor\" data-id=\"98e5ecf\" data-element_type=\"widget\" data-widget_type=\"text-editor.default\">\n\t\t\t\t<div class=\"elementor-widget-container\">\n\t\t\t<style>\/*! elementor - v3.6.5 - 27-04-2022 *\/\n.elementor-widget-text-editor.elementor-drop-cap-view-stacked .elementor-drop-cap{background-color:#818a91;color:#fff}.elementor-widget-text-editor.elementor-drop-cap-view-framed .elementor-drop-cap{color:#818a91;border:3px solid;background-color:transparent}.elementor-widget-text-editor:not(.elementor-drop-cap-view-default) .elementor-drop-cap{margin-top:8px}.elementor-widget-text-editor:not(.elementor-drop-cap-view-default) .elementor-drop-cap-letter{width:1em;height:1em}.elementor-widget-text-editor .elementor-drop-cap{float:left;text-align:center;line-height:1;font-size:50px}.elementor-widget-text-editor .elementor-drop-cap-letter{display:inline-block}<\/style>\t\t\t\t<h2>RESPONSABILIDAD DE LOS USUARIOS POR USO Y CONTENIDO<\/h2><p>Tanto el acceso a los websites como el uso que pueda realizarse de la informaci\u00f3n y contenidos incluidos en los mismos, ser\u00e1 de exclusiva responsabilidad de quien lo realice.<\/p><p>Por lo tanto, el uso que pueda hacerse de la informaci\u00f3n, im\u00e1genes, contenidos y\/o productos rese\u00f1ados y accesibles mediante el mismo, estar\u00e1 supeditado a la legalidad, sea nacional o internacional, aplicable, as\u00ed como a los principios de buena fe y uso l\u00edcito por parte de los usuarios, los cuales ser\u00e1n completamente responsables de este acceso y correcto uso.<\/p><p>Los usuarios estar\u00e1n obligados a hacer un uso razonable de los servicios o contenidos, bajo el principio de buena fe y con respecto a la legalidad vigente, a la moral, al orden p\u00fablico, a las buenas costumbres, a los derechos de terceras personas o del propio <strong>KUADROTEK<\/strong>; todo de acuerdo con las posibilidades y fines por los cuales est\u00e1n concebidos. KUADROTEK no asume responsabilidades, ya sean directas o indirectas, por el da\u00f1o emergente o lucro cesante, derivadas del mal uso de los servicios o contenidos realizado por los usuarios o terceras personas.<\/p><div><h2>INFORMACI\u00d3N LSSI-CE<\/h2><p>En cumplimiento del deber de informaci\u00f3n contemplado en el art\u00edculo 10 de la vigente Ley 34\/2002, de 11 de julio, de Servicios de la Sociedad de la Informaci\u00f3n y de Comercio Electr\u00f3nico, le comunicamos que el responsable de esta web es <strong>KUADROTEK<\/strong>, con NIF B-43936046, con domicilio en Pol. Ind. Constant\u00ed C. Gr\u00e8cia, n. 10 Nave A02 43120 Constant\u00ed (Tarragona), con direcci\u00f3n de Internet www.kuadrotek.com, inscrito en el registro correspondiente.<\/p><\/div><div><h2>CONCEPTO DE USUARIO<\/h2><p>El uso de la web atribuye la condici\u00f3n de usuario e implica la aceptaci\u00f3n plena y sin reservas de todas y cada una de las disposiciones incluidas en este aviso legal en la versi\u00f3n publicada por <strong>KUADROTEK<\/strong>, en el mismo momento en el que el usuario acceda a la web. En consecuencia, el usuario debe leer atentamente este aviso legal en cada una de las ocasiones en las que se proponga utilizar la web, ya que puede tener modificaciones.<\/p><\/div><div><h2>INFORMACI\u00d3N SOBRE LOS LINKS<\/h2><p><strong>KUADROTEK<\/strong> no se hace responsable de las webs no propias a las que se pueda acceder mediante v\u00ednculos links o de cualquier contenido puesto a disposici\u00f3n por terceras personas.<\/p><p>Cualquier uso de un v\u00ednculo o acceso a una web no propia se hace por voluntad y riesgo exclusivo del usuario y <strong>KUADROTEK<\/strong> no recomienda ni garantiza ninguna informaci\u00f3n obtenida a trav\u00e9s de un v\u00ednculo ajeno a la web de <strong>KUADROTEK<\/strong>, ni se responsabiliza de ninguna p\u00e9rdida, reclamaci\u00f3n o perjuicio derivado del uso o mal uso de un v\u00ednculo o de la informaci\u00f3n obtenida a trav\u00e9s de \u00e9l, incluyendo otros v\u00ednculos o webs, de la interrupci\u00f3n en el servicio o en el acceso, o del intento de usar o no usar mal un v\u00ednculo, tanto al conectarse a la web de <strong>KUADROTEK<\/strong> como al acceder a la informaci\u00f3n de otras webs desde la web de <strong>KUADROTEK<\/strong>.<\/p><\/div><div><h2>INFORMACI\u00d3N SOBRE EL USO DE COOKIES<\/h2><p>En esta web se pueden utilizar cookies a algunas p\u00e1ginas. El fin de estas cookies es mejorar el servicio que ofrecen a sus clientes y a nuestros visitantes.<\/p><p>Las cookies son peque\u00f1os ficheros de datos que se generan en el ordenador del usuario y permiten obtener la siguiente informaci\u00f3n:<\/p><ul><li>Fecha y hora de la \u00faltima vez que el usuario visit\u00f3 la web.<\/li><li>Dise\u00f1o de contenido que el usuario escogi\u00f3 en su primera visita a la web.<\/li><li>Elementos de seguridad que intervienen en el control de acceso a las \u00e1reas restringidas.<\/li><\/ul><\/div><div><h2>RENUNCIA Y LIMITACI\u00d3N DE LA RESPONSABILIDAD<\/h2><p>La informaci\u00f3n y servicios incluidos o disponibles mediante las p\u00e1ginas web pueden incluir incorrecciones o errores tipogr\u00e1ficos. De forma peri\u00f3dica se incorporan cambios en la informaci\u00f3n contenida. <strong>KUADROTEK<\/strong> puede incluir en cualquier momento mejoras y\/o cambios en los servicios o contenidos.<\/p><p><strong>KUADROTEK<\/strong> ha obtenido la informaci\u00f3n y los materiales incluidos en la web de fuentes consideradas como fiables, pero aunque se han tomado las medidas correspondientes para asegurar que la informaci\u00f3n contenida sea correcta, no garantiza que sea exacta o actualizada.<\/p><\/div><div><h2>INFORMACI\u00d3N SOBRE LA EXENCI\u00d3N DE TODA LA RESPONSABILIDAD DERIVADA DE UN FALLO T\u00c9CNICO Y DE CONTENIDOO<\/h2><p><strong>KUADROTEK<\/strong> declina cualquier responsabilidad en el caso de que haya interrupciones o un mal funcionamiento de los servicios o contenidos ofrecidos en Internet, sea cual sea la causa. Asimismo, KUADROTEK no se hace responsable de las ca\u00eddas de la red, p\u00e9rdidas de negocio como consecuencia de estas ca\u00eddas, suspensiones temporales del flujo el\u00e9ctrico o cualquier otro tipo de da\u00f1o indirecto que pueda ser provocado a los usuarios por causas ajenas a <strong>KUADROTEK<\/strong>.<\/p><p><strong>KUADROTEK<\/strong> no declara ni garantiza que los servicios o contenidos sean interrumpidos o que est\u00e9n libres de errores, que los defectos sean mencionados o que el servicio o el servidor que lo pone a disposici\u00f3n est\u00e9n libres de virus u otros componentes nocivos, sin perjuicio que <strong>KUADROTEK<\/strong> realiza sus mejores esfuerzos al evitar este tipo de incidentes. En caso de que el usuario tomara determinadas decisiones o realizase acciones en base a la informaci\u00f3n incluida en cualquier de los websites, se recomienda la comprobaci\u00f3n de la informaci\u00f3n recibida con otras fuentes.<\/p><\/div><div><h2>PROPIEDAD INDUSTRIAL E INTELECTUAL<\/h2><p>Los contenidos prestados por <strong>KUADROTEK<\/strong>, as\u00ed como los contenidos vertidos a la red mediante sus p\u00e1ginas web, constituyen una obra en el sentido de la legislaci\u00f3n sobre propiedad intelectual restante, por eso protegidos por las leyes y convenios internacionales aplicables en la materia.<\/p><p>Queda prohibida cualquier forma de reproducci\u00f3n, distribuci\u00f3n, comunicaci\u00f3n p\u00fablica, transformaci\u00f3n, puesta a disposici\u00f3n y, en general, cualquier otro acto de explotaci\u00f3n p\u00fablica referido tanto a las p\u00e1ginas web como a sus contenidos e informaci\u00f3n, sin el expreso y previo consentimiento y por escrito de <strong>KUADROTEK<\/strong>.<\/p><p>En consecuencia, todos los contenidos que se muestran en diversas websites y, en especial, dise\u00f1os, textos, gr\u00e1ficos, logotipos, iconos, botones, software, nombres comerciales, marcas, dibujos industriales o cualquier otro signo susceptible de uso industrial y comercial est\u00e1n sujetos a derechos de propiedad intelectual e industrial de <strong>KUADROTEK<\/strong> o de terceras personas titulares de las mismas que han autorizado debidamente su inclusi\u00f3n en los diversos websites.<\/p><p>Los contenidos, im\u00e1genes, formas, opiniones, \u00edndice y el resto de expresiones formales que formen parte de las p\u00e1ginas web, as\u00ed como el software necesario para el funcionamiento y visualizaci\u00f3n de las mismas, constituyen asimismo una obra en el sentido del Derecho de Autor y est\u00e1n, por lo tanto, protegidas por las convenciones internacionales y legislaciones nacionales en materia de propiedad intelectual que resulten aplicables. El incumplimiento de lo que se se\u00f1ala implica la comisi\u00f3n de graves actos il\u00edcitos y su sanci\u00f3n por la legislaci\u00f3n civil y penal..<\/p><p>Queda prohibido todo acto por virtud del cual los usuarios de los servicios o contenidos puedan explotar o servirse comercialmente, directamente o indirectamente, en su totalidad o parcialmente, de cualquiera de los contenidos, im\u00e1genes, formas, \u00edndices y el resto de expresiones formales que formen parte de las p\u00e1ginas web sin permiso previo y por escrito de <strong>KUADROTEK<\/strong><\/p><p>En concreto, y sin car\u00e1cter exhaustivo, quedan prohibidos los actos de reproducci\u00f3n, distribuci\u00f3n, exhibici\u00f3n, transmisi\u00f3n, retransmisi\u00f3n, emisi\u00f3n en cualquier forma, almacenaje en soportes f\u00edsicos o l\u00f3gicos (por ejemplo, disquetes o discos duros de ordenadores), digitalizaci\u00f3n o puesta a disposici\u00f3n desde bases de datos distintas de las que pertenecen a las autorizadas por <strong>KUADROTEK<\/strong>, as\u00ed como su traducci\u00f3n, adaptaci\u00f3n, arreglo o cualquier otra transformaci\u00f3n de las mencionadas opiniones, im\u00e1genes, formas, \u00edndices y el resto de expresiones formales que se pongan a disposici\u00f3n de los usuarios mediante los servicios o contenidos, en la medida que estos actos est\u00e9n sometidos a la legislaci\u00f3n aplicable en materia de propiedad intelectual, industrial o de protecci\u00f3n de la imagen.<\/p><p><strong>KUADROTEK<\/strong> es libre de limitar el acceso a las p\u00e1ginas web y a los productos y\/o servicios ofrecidos en la misma, as\u00ed como la consiguiente publicaci\u00f3n de las opiniones, observaciones, im\u00e1genes o comentarios que los usuarios puedan enviarle a trav\u00e9s de correo electr\u00f3nico<\/p><p><strong>KUADROTEK<\/strong>, en este sentido, podr\u00e1 establecer, si lo considera oportuno, sin perjuicio de la \u00fanica y exclusiva responsabilidad de los usuarios, los filtros necesarios para evitar que mediante sus p\u00e1ginas web puedan verterse en la red contenidos u opiniones, considerados como racistas, xen\u00f3fobos, discriminatorios, pornogr\u00e1ficos, difamatorios o que, de cualquier manera, fomenten la violencia o la diseminaci\u00f3n de contenidos claramente il\u00edcitos o nocivos.<\/p><p>Aquellos usuarios que env\u00eden a las p\u00e1ginas web de <strong>KUADROTEK<\/strong>, a su departamento de sugerencias, observaciones, opiniones o comentarios mediante el servicio de correo electr\u00f3nico, aunque expresen de manera verdadera e inconfundible lo contrario, en los casos donde por la naturaleza de los servicios o contenidos eso fuera posible; se entiende que autorizan a <strong>KUADROTEK<\/strong> para la reproducci\u00f3n, distribuci\u00f3n, exhibici\u00f3n, transmisi\u00f3n, retransmisi\u00f3n, emisi\u00f3n en cualquier formato, almacenaje en soportes f\u00edsicos o l\u00f3gicos (por ejemplo disquetes o disco duro de ordenadores), digitalizaci\u00f3n, puesta a disposici\u00f3n desde bases de datos que pertenezcan a KUADROTEK, traducci\u00f3n, adaptaci\u00f3n, arreglo o cualquier otra transformaci\u00f3n de observaciones, opiniones o comentarios como estas, para todo el tiempo de protecci\u00f3n de derecho de autor que est\u00e9 previsto legalmente. Asimismo, se entiende que esta autorizaci\u00f3n se realiza gratuitamente, y que solo por el hecho de enviar por correo electr\u00f3nico observaciones, opiniones o comentarios de este tipo, los usuarios declinan cualquier pretensi\u00f3n cremat\u00edstica por parte de <strong>KUADROTEK<\/strong>.<\/p><p>De acuerdo con lo que se se\u00f1ala en el p\u00e1rrafo anterior, <strong>KUADROTEK<\/strong> queda autorizada igualmente para proceder a la modificaci\u00f3n o alteraci\u00f3n de observaciones, opiniones o comentarios como estos, para adaptarlos a las necesidades de formato editorial de p\u00e1ginas web, sin que por eso pueda entenderse que existe<br \/>en absoluto ning\u00fan tipo de lesi\u00f3n de cualquiera de las facultades morales de derecho de autor que los usuarios pudieran ostentar sobre las mismas.<\/p><p>Quedan prohibidos cualquiera de los recursos t\u00e9cnicos, l\u00f3gicos o tecnol\u00f3gicos por virtud de los cuales una tercera persona pueda beneficiarse, directamente o indirectamente, con o sin lucro, de todos y cada uno de los contenidos, formas, \u00edndices y el resto de expresiones formales que formen parte de las p\u00e1ginas web o del esfuerzo realizado por <strong>KUADROTEK<\/strong> para su funcionamiento. En concreto, queda prohibido todo link, hyperlink, framing o v\u00ednculo similar que pueda establecerse en direcci\u00f3n a las p\u00e1ginas web de <strong>KUADROTEK<\/strong> sin el consentimiento previo, expreso y por escrito de <strong>KUADROTEK<\/strong>. Cualquier trasgresi\u00f3n de lo que se dispone en este punto ser\u00e1 considerada como lesi\u00f3n de los leg\u00edtimos derechos de propiedad intelectual de <strong>KUADROTEK<\/strong>, sobre las p\u00e1ginas web y todos los contenidos de las mismas.<\/p><p><strong>KUADROTEK<\/strong> no asumir\u00e1 ning\u00fan tipo de responsabilidad delante de consecuencias derivadas de las conductas y actuaciones antes mencionadas, del mismo modo que no asumir\u00e1 ning\u00fan tipo de responsabilidad por los contenidos, servicios, productos, etc., de terceras personas a las que se pueda acceder directamente o a trav\u00e9s de banners, enlaces, links, hyperlinks, framing o v\u00ednculos similares desde las websites de <strong>KUADROTEK<\/strong><\/p><\/div><div><p>\u00a0<\/p><\/div>\t\t\t\t\t\t<\/div>\n\t\t\t\t<\/div>\n\t\t\t\t\t<\/div>\n\t\t<\/div>\n\t\t\t\t\t\t\t<\/div>\n\t\t<\/section>\n\t\t\t\t\t\t\t<\/div>\n\t\t","protected":false},"excerpt":{"rendered":"<p>RESPONSABILIDAD DE LOS USUARIOS POR USO Y CONTENIDO Tanto el acceso a los websites como el uso que pueda realizarse de la informaci\u00f3n y contenidos incluidos en los mismos, ser\u00e1 de exclusiva responsabilidad de quien lo realice. Por lo tanto, el uso que pueda hacerse de la informaci\u00f3n, im\u00e1genes, contenidos y\/o productos rese\u00f1ados y accesibles [&hellip;]<\/p>\n","protected":false},"author":1,"featured_media":0,"parent":0,"menu_order":0,"comment_status":"closed","ping_status":"closed","template":"","meta":{"inline_featured_image":false},"yoast_head":"<!-- This site is optimized with the Yoast SEO plugin v19.13 - https:\/\/yoast.com\/wordpress\/plugins\/seo\/ -->\n<title>Aviso legal | Kuadrotek, fabricaci\u00f3n de cuadros el\u00e9ctricos<\/title>\n<meta name=\"description\" content=\"Informaci\u00f3n legal y condiciones generales de la web https:\/\/www.kuadrotek.com\/. Dise\u00f1o y fabricaci\u00f3n de cuadros el\u00e9ctricos y control para automatizaci\u00f3n.\" \/>\n<meta name=\"robots\" content=\"index, follow, max-snippet:-1, max-image-preview:large, max-video-preview:-1\" \/>\n<link rel=\"canonical\" href=\"https:\/\/kuadrotek.com\/es\/aviso-legal\/\" \/>\n<meta property=\"og:locale\" content=\"es_ES\" \/>\n<meta property=\"og:type\" content=\"article\" \/>\n<meta property=\"og:title\" content=\"Aviso legal | Kuadrotek, fabricaci\u00f3n de cuadros el\u00e9ctricos\" \/>\n<meta property=\"og:description\" content=\"Informaci\u00f3n legal y condiciones generales de la web https:\/\/www.kuadrotek.com\/. Dise\u00f1o y fabricaci\u00f3n de cuadros el\u00e9ctricos y control para automatizaci\u00f3n.\" \/>\n<meta property=\"og:url\" content=\"https:\/\/kuadrotek.com\/es\/aviso-legal\/\" \/>\n<meta property=\"og:site_name\" content=\"Kuadrotek\" \/>\n<meta property=\"article:modified_time\" content=\"2022-11-03T14:41:57+00:00\" \/>\n<meta name=\"twitter:card\" content=\"summary_large_image\" \/>\n<meta name=\"twitter:label1\" content=\"Tiempo de lectura\" \/>\n\t<meta name=\"twitter:data1\" content=\"9 minutos\" \/>\n<script type=\"application\/ld+json\" class=\"yoast-schema-graph\">{\"@context\":\"https:\/\/schema.org\",\"@graph\":[{\"@type\":\"WebPage\",\"@id\":\"https:\/\/kuadrotek.com\/es\/aviso-legal\/\",\"url\":\"https:\/\/kuadrotek.com\/es\/aviso-legal\/\",\"name\":\"Aviso legal | Kuadrotek, fabricaci\u00f3n de cuadros el\u00e9ctricos\",\"isPartOf\":{\"@id\":\"https:\/\/kuadrotek.com\/es\/#website\"},\"datePublished\":\"2022-10-14T08:33:21+00:00\",\"dateModified\":\"2022-11-03T14:41:57+00:00\",\"description\":\"Informaci\u00f3n legal y condiciones generales de la web https:\/\/www.kuadrotek.com\/. Dise\u00f1o y fabricaci\u00f3n de cuadros el\u00e9ctricos y control para automatizaci\u00f3n.\",\"breadcrumb\":{\"@id\":\"https:\/\/kuadrotek.com\/es\/aviso-legal\/#breadcrumb\"},\"inLanguage\":\"es\",\"potentialAction\":[{\"@type\":\"ReadAction\",\"target\":[\"https:\/\/kuadrotek.com\/es\/aviso-legal\/\"]}]},{\"@type\":\"BreadcrumbList\",\"@id\":\"https:\/\/kuadrotek.com\/es\/aviso-legal\/#breadcrumb\",\"itemListElement\":[{\"@type\":\"ListItem\",\"position\":1,\"name\":\"Portada\",\"item\":\"https:\/\/kuadrotek.com\/es\/\"},{\"@type\":\"ListItem\",\"position\":2,\"name\":\"Aviso Legal\"}]},{\"@type\":\"WebSite\",\"@id\":\"https:\/\/kuadrotek.com\/es\/#website\",\"url\":\"https:\/\/kuadrotek.com\/es\/\",\"name\":\"Kuadrotek\",\"description\":\"Just another WordPress site\",\"publisher\":{\"@id\":\"https:\/\/kuadrotek.com\/es\/#organization\"},\"potentialAction\":[{\"@type\":\"SearchAction\",\"target\":{\"@type\":\"EntryPoint\",\"urlTemplate\":\"https:\/\/kuadrotek.com\/es\/?s={search_term_string}\"},\"query-input\":\"required name=search_term_string\"}],\"inLanguage\":\"es\"},{\"@type\":\"Organization\",\"@id\":\"https:\/\/kuadrotek.com\/es\/#organization\",\"name\":\"Kuadrotek\",\"url\":\"https:\/\/kuadrotek.com\/es\/\",\"logo\":{\"@type\":\"ImageObject\",\"inLanguage\":\"es\",\"@id\":\"https:\/\/kuadrotek.com\/es\/#\/schema\/logo\/image\/\",\"url\":\"https:\/\/kuadrotek.com\/wp-content\/uploads\/2022\/10\/logo-kuadrotek-cuadros-electricos.svg\",\"contentUrl\":\"https:\/\/kuadrotek.com\/wp-content\/uploads\/2022\/10\/logo-kuadrotek-cuadros-electricos.svg\",\"width\":325,\"height\":77,\"caption\":\"Kuadrotek\"},\"image\":{\"@id\":\"https:\/\/kuadrotek.com\/es\/#\/schema\/logo\/image\/\"}}]}<\/script>\n<!-- \/ Yoast SEO plugin. -->","yoast_head_json":{"title":"Aviso legal | Kuadrotek, fabricaci\u00f3n de cuadros el\u00e9ctricos","description":"Informaci\u00f3n legal y condiciones generales de la web https:\/\/www.kuadrotek.com\/. Dise\u00f1o y fabricaci\u00f3n de cuadros el\u00e9ctricos y control para automatizaci\u00f3n.","robots":{"index":"index","follow":"follow","max-snippet":"max-snippet:-1","max-image-preview":"max-image-preview:large","max-video-preview":"max-video-preview:-1"},"canonical":"https:\/\/kuadrotek.com\/es\/aviso-legal\/","og_locale":"es_ES","og_type":"article","og_title":"Aviso legal | Kuadrotek, fabricaci\u00f3n de cuadros el\u00e9ctricos","og_description":"Informaci\u00f3n legal y condiciones generales de la web https:\/\/www.kuadrotek.com\/. Dise\u00f1o y fabricaci\u00f3n de cuadros el\u00e9ctricos y control para automatizaci\u00f3n.","og_url":"https:\/\/kuadrotek.com\/es\/aviso-legal\/","og_site_name":"Kuadrotek","article_modified_time":"2022-11-03T14:41:57+00:00","twitter_card":"summary_large_image","twitter_misc":{"Tiempo de lectura":"9 minutos"},"schema":{"@context":"https:\/\/schema.org","@graph":[{"@type":"WebPage","@id":"https:\/\/kuadrotek.com\/es\/aviso-legal\/","url":"https:\/\/kuadrotek.com\/es\/aviso-legal\/","name":"Aviso legal | Kuadrotek, fabricaci\u00f3n de cuadros el\u00e9ctricos","isPartOf":{"@id":"https:\/\/kuadrotek.com\/es\/#website"},"datePublished":"2022-10-14T08:33:21+00:00","dateModified":"2022-11-03T14:41:57+00:00","description":"Informaci\u00f3n legal y condiciones generales de la web https:\/\/www.kuadrotek.com\/. Dise\u00f1o y fabricaci\u00f3n de cuadros el\u00e9ctricos y control para automatizaci\u00f3n.","breadcrumb":{"@id":"https:\/\/kuadrotek.com\/es\/aviso-legal\/#breadcrumb"},"inLanguage":"es","potentialAction":[{"@type":"ReadAction","target":["https:\/\/kuadrotek.com\/es\/aviso-legal\/"]}]},{"@type":"BreadcrumbList","@id":"https:\/\/kuadrotek.com\/es\/aviso-legal\/#breadcrumb","itemListElement":[{"@type":"ListItem","position":1,"name":"Portada","item":"https:\/\/kuadrotek.com\/es\/"},{"@type":"ListItem","position":2,"name":"Aviso Legal"}]},{"@type":"WebSite","@id":"https:\/\/kuadrotek.com\/es\/#website","url":"https:\/\/kuadrotek.com\/es\/","name":"Kuadrotek","description":"Just another WordPress site","publisher":{"@id":"https:\/\/kuadrotek.com\/es\/#organization"},"potentialAction":[{"@type":"SearchAction","target":{"@type":"EntryPoint","urlTemplate":"https:\/\/kuadrotek.com\/es\/?s={search_term_string}"},"query-input":"required name=search_term_string"}],"inLanguage":"es"},{"@type":"Organization","@id":"https:\/\/kuadrotek.com\/es\/#organization","name":"Kuadrotek","url":"https:\/\/kuadrotek.com\/es\/","logo":{"@type":"ImageObject","inLanguage":"es","@id":"https:\/\/kuadrotek.com\/es\/#\/schema\/logo\/image\/","url":"https:\/\/kuadrotek.com\/wp-content\/uploads\/2022\/10\/logo-kuadrotek-cuadros-electricos.svg","contentUrl":"https:\/\/kuadrotek.com\/wp-content\/uploads\/2022\/10\/logo-kuadrotek-cuadros-electricos.svg","width":325,"height":77,"caption":"Kuadrotek"},"image":{"@id":"https:\/\/kuadrotek.com\/es\/#\/schema\/logo\/image\/"}}]}},"_links":{"self":[{"href":"https:\/\/kuadrotek.com\/es\/wp-json\/wp\/v2\/pages\/882"}],"collection":[{"href":"https:\/\/kuadrotek.com\/es\/wp-json\/wp\/v2\/pages"}],"about":[{"href":"https:\/\/kuadrotek.com\/es\/wp-json\/wp\/v2\/types\/page"}],"author":[{"embeddable":true,"href":"https:\/\/kuadrotek.com\/es\/wp-json\/wp\/v2\/users\/1"}],"replies":[{"embeddable":true,"href":"https:\/\/kuadrotek.com\/es\/wp-json\/wp\/v2\/comments?post=882"}],"version-history":[{"count":6,"href":"https:\/\/kuadrotek.com\/es\/wp-json\/wp\/v2\/pages\/882\/revisions"}],"predecessor-version":[{"id":3489,"href":"https:\/\/kuadrotek.com\/es\/wp-json\/wp\/v2\/pages\/882\/revisions\/3489"}],"wp:attachment":[{"href":"https:\/\/kuadrotek.com\/es\/wp-json\/wp\/v2\/media?parent=882"}],"curies":[{"name":"wp","href":"https:\/\/api.w.org\/{rel}","templated":true}]}}