{"id":32,"date":"2022-05-09T09:29:26","date_gmt":"2022-05-09T09:29:26","guid":{"rendered":"https:\/\/kuadrotek.com\/?page_id=32"},"modified":"2022-11-03T14:41:18","modified_gmt":"2022-11-03T14:41:18","slug":"politica-de-privacidad","status":"publish","type":"page","link":"https:\/\/kuadrotek.com\/es\/politica-de-privacidad\/","title":{"rendered":"Pol\u00edtica de privacidad"},"content":{"rendered":"\t\t<div data-elementor-type=\"wp-page\" data-elementor-id=\"32\" class=\"elementor elementor-32\">\n\t\t\t\t\t\t\t\t\t<section class=\"elementor-section elementor-top-section elementor-element elementor-element-ca4ff7d elementor-section-boxed elementor-section-height-default elementor-section-height-default\" data-id=\"ca4ff7d\" data-element_type=\"section\">\n\t\t\t\t\t\t<div class=\"elementor-container elementor-column-gap-default\">\n\t\t\t\t\t<div class=\"elementor-column elementor-col-100 elementor-top-column elementor-element elementor-element-e493df6\" data-id=\"e493df6\" data-element_type=\"column\">\n\t\t\t<div class=\"elementor-widget-wrap elementor-element-populated\">\n\t\t\t\t\t\t\t\t<div class=\"elementor-element elementor-element-98e5ecf elementor-widget elementor-widget-text-editor\" data-id=\"98e5ecf\" data-element_type=\"widget\" data-widget_type=\"text-editor.default\">\n\t\t\t\t<div class=\"elementor-widget-container\">\n\t\t\t<style>\/*! elementor - v3.6.5 - 27-04-2022 *\/\n.elementor-widget-text-editor.elementor-drop-cap-view-stacked .elementor-drop-cap{background-color:#818a91;color:#fff}.elementor-widget-text-editor.elementor-drop-cap-view-framed .elementor-drop-cap{color:#818a91;border:3px solid;background-color:transparent}.elementor-widget-text-editor:not(.elementor-drop-cap-view-default) .elementor-drop-cap{margin-top:8px}.elementor-widget-text-editor:not(.elementor-drop-cap-view-default) .elementor-drop-cap-letter{width:1em;height:1em}.elementor-widget-text-editor .elementor-drop-cap{float:left;text-align:center;line-height:1;font-size:50px}.elementor-widget-text-editor .elementor-drop-cap-letter{display:inline-block}<\/style>\t\t\t\t<h2>\u00bfQui\u00e9n es el responsable del tratamiento de sus datos?<\/h2>\n  \t    <ul>\n            <li>Responsable: KUADROTEK GROUP SYSTEMS, S.L.<\/li>\n            <li>Cif:&nbsp;B43936046<\/li>\n            <li>Datos de contacto:&nbsp;REINO UNIDO, S\/N, NAVE P8-P9, P.I.CONSTANT\u00cd, 43120 CONSTANT\u00cd, TARRAGONA.<\/li>\n            <li>Email:&nbsp;kuadrotek@kuadrotek.com<\/li>\n        <\/ul>\n        <h2>\u00bfCon qu\u00e9 finalidad tratamos sus datos personales?<\/h2>\n        <p>En KUADROTEK GROUP SYSTEMS, S.L. tratamos la informaci\u00f3n que nos facilitan las personas interesadas con el fin de:<\/p>\n        <p>Reglamento General Protecci\u00f3n de Datos;<\/p>\n        <p>RGPD: 6.1.b) Tratamiento necesario para la ejecuci\u00f3n de un contrato en el que el interesado es parte o para la aplicaci\u00f3n a petici\u00f3n de \u00e9ste de medidas precontractuales.&nbsp; RGPD: 6.1.c) Tratamiento necesario para el cumplimiento de una obligaci\u00f3n legal aplicable al responsable del tratamiento.<\/p>\n        <p>Gesti\u00f3n administrativa, contable, fiscal, env\u00edo de comunicaciones relacionadas con la relaci\u00f3n mercantil con nuestro cliente y con la prestaci\u00f3n de los servicios suministrados, el env\u00edo de productos a trav\u00e9s de terceros, servicios relacionados con la venta online. Atenci\u00f3n reclamaciones y devoluciones<\/p>\n        <h2>\u00bfPor cu\u00e1nto tiempo conservaremos sus datos?<\/h2>\n        <p>Se conservar\u00e1n durante el tiempo necesario para cumplir con la finalidad para la que se recabaron y para determinar las posibles responsabilidades que se pudieran derivar de dicha finalidad y del tratamiento de los datos incluidas el cumplimiento de las obligaciones legales, para las finalidades en las que requerimos su consentimiento expreso, se conservaran mientras el afectado no ejerza sus derecho de supresi\u00f3n o limitaci\u00f3n de la finalidad, por ejemplo el env\u00edo de comunicaciones comerciales.<\/p>\n        <h2>\u00bfCu\u00e1l es la legitimaci\u00f3n para el tratamiento de sus datos?<\/h2>\n        <p>Le indicamos la base legal para el tratamiento de sus datos:<\/p>\n        <ul>\n            <li>Ejecuci\u00f3n de un contrato: contrato de compraventa de productos a trav\u00e9s de nuestra venta online<\/li>\n            <li>Inter\u00e9s leg\u00edtimo del Responsable: todas aquellas finalidades descritas y relacionadas con el servicio prestado: compra, atenci\u00f3n al cliente, devoluci\u00f3n, cesi\u00f3n a terceros para el transporte y entrega, gestiones de cupones y ofertas a clientes, comunicaciones con el cliente en relaci\u00f3n al servicio, reclamaciones y quejas<\/li>\n            <li>Consentimiento del interesado: finalidades en las que solicitamos el consentimiento del usuario y\/o cliente: env\u00edo de comunicaciones comerciales, cesi\u00f3n de datos a terceros para promociones comerciales<\/li>\n        <\/ul>\n\n        <h2>\u00bfA qu\u00e9 destinatarios se comunicar\u00e1n sus datos?<\/h2>\n        <p>Los datos se comunicar\u00e1n a los siguientes destinatarios:<\/p>\n        <ul>\n            <li>Administraci\u00f3n p\u00fablica con competencia en la materia, con la finalidad de Cumplimiento de las obligaciones legales.<\/li>\n            <li>Organizaciones y empresas relacionadas con el responsable de tratamiento que permitan la prestaci\u00f3n de servicio, con la finalidad de Prestar los servicios web, venta de productos online, transporte<\/li>\n            <li>Empresas de comunicaci\u00f3n, con la finalidad del env\u00edo de comunicaciones comerciales sobre nuestros productos o servicios o promoci\u00f3n de terceros.<\/li>\n            <li>Empresas de servicios de pago online: Paypal, con la finalidad de pagos y transferencias<\/li>\n        <\/ul>\n        <h2>Transferencias de datos a terceros pa\u00edses<\/h2>\n        <p>No est\u00e1n previstas transferencias de datos a terceros pa\u00edses.<\/p>\n        <h2>\u00bfCu\u00e1les son sus derechos cuando nos facilita sus datos?<\/h2>\n        <p>Las personas interesadas tienen derecho a acceder a sus datos personales, as\u00ed como a solicitar la rectificaci\u00f3n de los datos inexactos o, en su caso, solicitar su supresi\u00f3n cuando, entre otros motivos, los datos ya no sean necesarios para los fines que fueron recogidos.<\/p>\n        <p>En determinadas circunstancias, los interesados podr\u00e1n solicitar la limitaci\u00f3n del tratamiento de sus datos, en cuyo caso \u00fanicamente los conservaremos para el ejercicio o la defensa de reclamaciones.<\/p>\n        <p>En determinadas circunstancias y por motivos relacionados con su situaci\u00f3n particular, los interesados podr\u00e1n oponerse al tratamiento de sus datos. En este caso, KUADROTEK GROUP SYSTEMS, S.L. dejar\u00e1 de tratar los datos, salvo por motivos leg\u00edtimos imperiosos, o el ejercicio o la defensa de posibles reclamaciones.<\/p>\n        <p>Podr\u00e1 ejercitar materialmente sus derechos de la siguiente forma: enviando un correo electr\u00f3nico a la direcci\u00f3n de e-mail&nbsp;kuadrotek@kuadrotek.com<\/p>\n        <p>Si ha otorgado su consentimiento para alguna finalidad concreta, tiene derecho a retirar el consentimiento otorgado en cualquier momento, sin que ello afecte a la licitud del tratamiento basado en el consentimiento previo a su retirada.<\/p>\n        <p>En caso de que sienta vulnerados sus derechos en lo concerniente a la protecci\u00f3n de sus datos personales, especialmente cuando no haya obtenido satisfacci\u00f3n en el ejercicio de sus derechos, puede presentar una reclamaci\u00f3n ante la Autoridad de Control en materia de Protecci\u00f3n de Datos competente a trav\u00e9s de su sitio web:&nbsp;www.agpd.es.<\/p>\n        <h2>\u00bfC\u00f3mo hemos obtenido sus datos?<\/h2>\n        <p>Los datos personales que tratamos en KUADROTEK GROUP SYSTEMS, S.L.&nbsp; proceden del propio interesado<\/p>\n        <p>Las categor\u00edas de datos que se tratan son:<\/p>\n        <ul>\n            <li>Datos identificativos<\/li>\n            <li>Direcciones postales y electr\u00f3nicas<\/li>\n            <li>Datos econ\u00f3micos<\/li>\n        <\/ul>\n        <p>No se tratan categor\u00edas especiales de datos personales (son aquellos datos que revelen el origen \u00e9tnico o racial, las opiniones pol\u00edticas, las convicciones religiosas o filos\u00f3ficas, o la afiliaci\u00f3n sindical, datos gen\u00e9ticos, datos biom\u00e9tricos dirigidos a identificar de manera un\u00edvoca a una persona f\u00edsica, datos relativos a la salud o datos relativos a la vida sexual o la orientaci\u00f3n sexual de una persona f\u00edsica).<\/p>\n    \t\t\t\t\t\t<\/div>\n\t\t\t\t<\/div>\n\t\t\t\t\t<\/div>\n\t\t<\/div>\n\t\t\t\t\t\t\t<\/div>\n\t\t<\/section>\n\t\t\t\t\t\t\t<\/div>\n\t\t","protected":false},"excerpt":{"rendered":"<p>\u00bfQui\u00e9n es el responsable del tratamiento de sus datos? Responsable: KUADROTEK GROUP SYSTEMS, S.L. Cif:&nbsp;B43936046 Datos de contacto:&nbsp;REINO UNIDO, S\/N, NAVE P8-P9, P.I.CONSTANT\u00cd, 43120 CONSTANT\u00cd, TARRAGONA. Email:&nbsp;kuadrotek@kuadrotek.com \u00bfCon qu\u00e9 finalidad tratamos sus datos personales? En KUADROTEK GROUP SYSTEMS, S.L. tratamos la informaci\u00f3n que nos facilitan las personas interesadas con el fin de: Reglamento General Protecci\u00f3n [&hellip;]<\/p>\n","protected":false},"author":1,"featured_media":0,"parent":0,"menu_order":0,"comment_status":"closed","ping_status":"closed","template":"","meta":{"inline_featured_image":false},"yoast_head":"<!-- This site is optimized with the Yoast SEO plugin v19.13 - https:\/\/yoast.com\/wordpress\/plugins\/seo\/ -->\n<title>Pol\u00edtica de privacidad | Kuadrotek, fabricaci\u00f3n de cuadros el\u00e9ctricos<\/title>\n<meta name=\"description\" content=\"Conoce el tratamiento y protecci\u00f3n de los datos personales en la web de Kuadrotek y conoce m\u00e1s sobre cuadros el\u00e9ctricos y sistemas de automatizaci\u00f3n.\" \/>\n<meta name=\"robots\" content=\"index, follow, max-snippet:-1, max-image-preview:large, max-video-preview:-1\" \/>\n<link rel=\"canonical\" href=\"https:\/\/kuadrotek.com\/es\/politica-de-privacidad\/\" \/>\n<meta property=\"og:locale\" content=\"es_ES\" \/>\n<meta property=\"og:type\" content=\"article\" \/>\n<meta property=\"og:title\" content=\"Pol\u00edtica de privacidad | Kuadrotek, fabricaci\u00f3n de cuadros el\u00e9ctricos\" \/>\n<meta property=\"og:description\" content=\"Conoce el tratamiento y protecci\u00f3n de los datos personales en la web de Kuadrotek y conoce m\u00e1s sobre cuadros el\u00e9ctricos y sistemas de automatizaci\u00f3n.\" \/>\n<meta property=\"og:url\" content=\"https:\/\/kuadrotek.com\/es\/politica-de-privacidad\/\" \/>\n<meta property=\"og:site_name\" content=\"Kuadrotek\" \/>\n<meta property=\"article:modified_time\" content=\"2022-11-03T14:41:18+00:00\" \/>\n<meta name=\"twitter:card\" content=\"summary_large_image\" \/>\n<meta name=\"twitter:label1\" content=\"Tiempo de lectura\" \/>\n\t<meta name=\"twitter:data1\" content=\"4 minutos\" \/>\n<script type=\"application\/ld+json\" class=\"yoast-schema-graph\">{\"@context\":\"https:\/\/schema.org\",\"@graph\":[{\"@type\":\"WebPage\",\"@id\":\"https:\/\/kuadrotek.com\/es\/politica-de-privacidad\/\",\"url\":\"https:\/\/kuadrotek.com\/es\/politica-de-privacidad\/\",\"name\":\"Pol\u00edtica de privacidad | Kuadrotek, fabricaci\u00f3n de cuadros el\u00e9ctricos\",\"isPartOf\":{\"@id\":\"https:\/\/kuadrotek.com\/es\/#website\"},\"datePublished\":\"2022-05-09T09:29:26+00:00\",\"dateModified\":\"2022-11-03T14:41:18+00:00\",\"description\":\"Conoce el tratamiento y protecci\u00f3n de los datos personales en la web de Kuadrotek y conoce m\u00e1s sobre cuadros el\u00e9ctricos y sistemas de automatizaci\u00f3n.\",\"breadcrumb\":{\"@id\":\"https:\/\/kuadrotek.com\/es\/politica-de-privacidad\/#breadcrumb\"},\"inLanguage\":\"es\",\"potentialAction\":[{\"@type\":\"ReadAction\",\"target\":[\"https:\/\/kuadrotek.com\/es\/politica-de-privacidad\/\"]}]},{\"@type\":\"BreadcrumbList\",\"@id\":\"https:\/\/kuadrotek.com\/es\/politica-de-privacidad\/#breadcrumb\",\"itemListElement\":[{\"@type\":\"ListItem\",\"position\":1,\"name\":\"Portada\",\"item\":\"https:\/\/kuadrotek.com\/es\/\"},{\"@type\":\"ListItem\",\"position\":2,\"name\":\"Pol\u00edtica de privacidad\"}]},{\"@type\":\"WebSite\",\"@id\":\"https:\/\/kuadrotek.com\/es\/#website\",\"url\":\"https:\/\/kuadrotek.com\/es\/\",\"name\":\"Kuadrotek\",\"description\":\"Just another WordPress site\",\"publisher\":{\"@id\":\"https:\/\/kuadrotek.com\/es\/#organization\"},\"potentialAction\":[{\"@type\":\"SearchAction\",\"target\":{\"@type\":\"EntryPoint\",\"urlTemplate\":\"https:\/\/kuadrotek.com\/es\/?s={search_term_string}\"},\"query-input\":\"required name=search_term_string\"}],\"inLanguage\":\"es\"},{\"@type\":\"Organization\",\"@id\":\"https:\/\/kuadrotek.com\/es\/#organization\",\"name\":\"Kuadrotek\",\"url\":\"https:\/\/kuadrotek.com\/es\/\",\"logo\":{\"@type\":\"ImageObject\",\"inLanguage\":\"es\",\"@id\":\"https:\/\/kuadrotek.com\/es\/#\/schema\/logo\/image\/\",\"url\":\"https:\/\/kuadrotek.com\/wp-content\/uploads\/2022\/10\/logo-kuadrotek-cuadros-electricos.svg\",\"contentUrl\":\"https:\/\/kuadrotek.com\/wp-content\/uploads\/2022\/10\/logo-kuadrotek-cuadros-electricos.svg\",\"width\":325,\"height\":77,\"caption\":\"Kuadrotek\"},\"image\":{\"@id\":\"https:\/\/kuadrotek.com\/es\/#\/schema\/logo\/image\/\"}}]}<\/script>\n<!-- \/ Yoast SEO plugin. -->","yoast_head_json":{"title":"Pol\u00edtica de privacidad | Kuadrotek, fabricaci\u00f3n de cuadros el\u00e9ctricos","description":"Conoce el tratamiento y protecci\u00f3n de los datos personales en la web de Kuadrotek y conoce m\u00e1s sobre cuadros el\u00e9ctricos y sistemas de automatizaci\u00f3n.","robots":{"index":"index","follow":"follow","max-snippet":"max-snippet:-1","max-image-preview":"max-image-preview:large","max-video-preview":"max-video-preview:-1"},"canonical":"https:\/\/kuadrotek.com\/es\/politica-de-privacidad\/","og_locale":"es_ES","og_type":"article","og_title":"Pol\u00edtica de privacidad | Kuadrotek, fabricaci\u00f3n de cuadros el\u00e9ctricos","og_description":"Conoce el tratamiento y protecci\u00f3n de los datos personales en la web de Kuadrotek y conoce m\u00e1s sobre cuadros el\u00e9ctricos y sistemas de automatizaci\u00f3n.","og_url":"https:\/\/kuadrotek.com\/es\/politica-de-privacidad\/","og_site_name":"Kuadrotek","article_modified_time":"2022-11-03T14:41:18+00:00","twitter_card":"summary_large_image","twitter_misc":{"Tiempo de lectura":"4 minutos"},"schema":{"@context":"https:\/\/schema.org","@graph":[{"@type":"WebPage","@id":"https:\/\/kuadrotek.com\/es\/politica-de-privacidad\/","url":"https:\/\/kuadrotek.com\/es\/politica-de-privacidad\/","name":"Pol\u00edtica de privacidad | Kuadrotek, fabricaci\u00f3n de cuadros el\u00e9ctricos","isPartOf":{"@id":"https:\/\/kuadrotek.com\/es\/#website"},"datePublished":"2022-05-09T09:29:26+00:00","dateModified":"2022-11-03T14:41:18+00:00","description":"Conoce el tratamiento y protecci\u00f3n de los datos personales en la web de Kuadrotek y conoce m\u00e1s sobre cuadros el\u00e9ctricos y sistemas de automatizaci\u00f3n.","breadcrumb":{"@id":"https:\/\/kuadrotek.com\/es\/politica-de-privacidad\/#breadcrumb"},"inLanguage":"es","potentialAction":[{"@type":"ReadAction","target":["https:\/\/kuadrotek.com\/es\/politica-de-privacidad\/"]}]},{"@type":"BreadcrumbList","@id":"https:\/\/kuadrotek.com\/es\/politica-de-privacidad\/#breadcrumb","itemListElement":[{"@type":"ListItem","position":1,"name":"Portada","item":"https:\/\/kuadrotek.com\/es\/"},{"@type":"ListItem","position":2,"name":"Pol\u00edtica de privacidad"}]},{"@type":"WebSite","@id":"https:\/\/kuadrotek.com\/es\/#website","url":"https:\/\/kuadrotek.com\/es\/","name":"Kuadrotek","description":"Just another WordPress site","publisher":{"@id":"https:\/\/kuadrotek.com\/es\/#organization"},"potentialAction":[{"@type":"SearchAction","target":{"@type":"EntryPoint","urlTemplate":"https:\/\/kuadrotek.com\/es\/?s={search_term_string}"},"query-input":"required name=search_term_string"}],"inLanguage":"es"},{"@type":"Organization","@id":"https:\/\/kuadrotek.com\/es\/#organization","name":"Kuadrotek","url":"https:\/\/kuadrotek.com\/es\/","logo":{"@type":"ImageObject","inLanguage":"es","@id":"https:\/\/kuadrotek.com\/es\/#\/schema\/logo\/image\/","url":"https:\/\/kuadrotek.com\/wp-content\/uploads\/2022\/10\/logo-kuadrotek-cuadros-electricos.svg","contentUrl":"https:\/\/kuadrotek.com\/wp-content\/uploads\/2022\/10\/logo-kuadrotek-cuadros-electricos.svg","width":325,"height":77,"caption":"Kuadrotek"},"image":{"@id":"https:\/\/kuadrotek.com\/es\/#\/schema\/logo\/image\/"}}]}},"_links":{"self":[{"href":"https:\/\/kuadrotek.com\/es\/wp-json\/wp\/v2\/pages\/32"}],"collection":[{"href":"https:\/\/kuadrotek.com\/es\/wp-json\/wp\/v2\/pages"}],"about":[{"href":"https:\/\/kuadrotek.com\/es\/wp-json\/wp\/v2\/types\/page"}],"author":[{"embeddable":true,"href":"https:\/\/kuadrotek.com\/es\/wp-json\/wp\/v2\/users\/1"}],"replies":[{"embeddable":true,"href":"https:\/\/kuadrotek.com\/es\/wp-json\/wp\/v2\/comments?post=32"}],"version-history":[{"count":8,"href":"https:\/\/kuadrotek.com\/es\/wp-json\/wp\/v2\/pages\/32\/revisions"}],"predecessor-version":[{"id":1869,"href":"https:\/\/kuadrotek.com\/es\/wp-json\/wp\/v2\/pages\/32\/revisions\/1869"}],"wp:attachment":[{"href":"https:\/\/kuadrotek.com\/es\/wp-json\/wp\/v2\/media?parent=32"}],"curies":[{"name":"wp","href":"https:\/\/api.w.org\/{rel}","templated":true}]}}