{"id":1890,"date":"2022-10-14T08:33:21","date_gmt":"2022-10-14T08:33:21","guid":{"rendered":"https:\/\/kuadrotek.com\/legal-notice\/"},"modified":"2023-02-09T09:53:21","modified_gmt":"2023-02-09T09:53:21","slug":"legal-notice","status":"publish","type":"page","link":"https:\/\/kuadrotek.com\/en\/legal-notice\/","title":{"rendered":"Legal Notice"},"content":{"rendered":"\t\t<div data-elementor-type=\"wp-page\" data-elementor-id=\"1890\" class=\"elementor elementor-1890 elementor-882\">\n\t\t\t\t\t\t\t\t\t<section class=\"elementor-section elementor-top-section elementor-element elementor-element-ca4ff7d elementor-section-boxed elementor-section-height-default elementor-section-height-default\" data-id=\"ca4ff7d\" data-element_type=\"section\">\n\t\t\t\t\t\t<div class=\"elementor-container elementor-column-gap-default\">\n\t\t\t\t\t<div class=\"elementor-column elementor-col-100 elementor-top-column elementor-element elementor-element-e493df6\" data-id=\"e493df6\" data-element_type=\"column\">\n\t\t\t<div class=\"elementor-widget-wrap elementor-element-populated\">\n\t\t\t\t\t\t\t\t<div class=\"elementor-element elementor-element-98e5ecf elementor-widget elementor-widget-text-editor\" data-id=\"98e5ecf\" data-element_type=\"widget\" data-widget_type=\"text-editor.default\">\n\t\t\t\t<div class=\"elementor-widget-container\">\n\t\t\t<style>\/*! elementor - v3.6.5 - 27-04-2022 *\/\n.elementor-widget-text-editor.elementor-drop-cap-view-stacked .elementor-drop-cap{background-color:#818a91;color:#fff}.elementor-widget-text-editor.elementor-drop-cap-view-framed .elementor-drop-cap{color:#818a91;border:3px solid;background-color:transparent}.elementor-widget-text-editor:not(.elementor-drop-cap-view-default) .elementor-drop-cap{margin-top:8px}.elementor-widget-text-editor:not(.elementor-drop-cap-view-default) .elementor-drop-cap-letter{width:1em;height:1em}.elementor-widget-text-editor .elementor-drop-cap{float:left;text-align:center;line-height:1;font-size:50px}.elementor-widget-text-editor .elementor-drop-cap-letter{display:inline-block}<\/style>\t\t\t\t<h2>USER LIABILITY FOR USE AND CONTENT<\/h2>\n<p>Both access to the websites and the use that may be made of the information and contents included therein shall be the exclusive responsibility of the user.<\/p>\n<p>Therefore, the use that may be made of the information, images, contents and\/or products described and accessible through this website will be subject to the applicable national or international law, as well as to the principles of good faith and lawful use by users, who will be fully responsible for this access and correct use.<\/p>\n<p>Users are obliged to make reasonable use of the services or contents, under the principle of good faith and with respect to current legislation, morality, public order, good customs, the rights of third parties or the rights of the user. <strong>KUADROTEK<\/strong>:All in accordance with the possibilities and purposes for which they were conceived. KUADROTEK assumes no liability, whether direct or indirect, for consequential damage or loss of profit, arising from the misuse of the services or contents by users or third parties.<\/p>\n<div>\n<h2>LSSI-CE INFORMATION<\/h2>\n<p>In compliance with the duty to provide the information stipulated in article 10 of the current Law 34\/2002, of 11 July, on Information Society Services and Electronic Commerce, we hereby inform you that the party responsible for this website is <strong>KUADROTEK<\/strong>, with Tax Identification Number B-43936046, with registered address at Pol. Ind. Constant\u00ed C. Gr\u00e8cia, n. 10 Nave A02 43120 Constant\u00ed (Tarragona), with Internet address www.kuadrotek.com, registered in the corresponding register.<\/p>\n<\/div>\n<div>\n<h2>USER CONCEPT<\/h2>\n<p>The use of the website attributes the condition of user and implies full and unreserved acceptance of each and every one of the provisions included in this legal notice in the version published by <strong>KUADROTEK<\/strong>, at the same time the user accesses the website. Consequently, the user must read this legal notice carefully each time he\/she intends to use the website, as it may be modified.<\/p>\n<\/div>\n<div>\n<h2>INFORMATION ON LINKS<\/h2>\n<p><strong>KUADROTEK<\/strong> is not responsible for websites not owned by KUADROTEK which can be accessed through links or any content made available by third parties.<\/p>\n<p>Any use of a link or access to a non-KUADROTEK website is at the sole risk and responsibility of the user and <strong>KUADROTEK<\/strong> does not recommend or guarantee any information obtained through a link not belonging to the <strong>KUADROTEK<\/strong> website., the company shall not be liable for any loss, claim or damage arising from the use or misuse of a link or the information obtained through a link, including other links or websites, for any interruption in service or access, or from any attempt to use or misuse a link, whether or not by connecting to the website of <strong>KUADROTEK<\/strong> as well as when accessing information from other websites from the <strong>KUADROTEK<\/strong> website.<\/p>\n<\/div>\n<div>\n<h2>INFORMATION ON THE USE OF COOKIES<\/h2>\n<p>This website may use cookies on some pages. The purpose of these cookies is to improve the service offered to your customers and our visitors.<\/p>\n<p>Cookies are small data files that are generated in the user&#8217;s computer and allow the following information to be obtained:<\/p>\n<ul>\n<li>Date and time of the last time the user visited the website.<\/li>\n<li>Design of content that the user chose on their first visit to the website.<\/li>\n<li>Security elements involved in controlling access to restricted areas.<\/li>\n<\/ul>\n<\/div>\n<div>\n<h2>DISCLAIMER AND LIMITATION OF LIABILITY<\/h2>\n<p>The information and services included in or available through the web pages may include inaccuracies or typographical errors. Changes are periodically made to the information contained therein. <strong>KUADROTEK<\/strong> may at any time include improvements and\/or changes in the services or contents.<\/p>\n<p><strong>KUADROTEK<\/strong> has obtained the information and materials contained in this website from sources believed to be reliable, but although every effort has been made to ensure that the information contained herein is correct, KUADROTEK does not warrant that it is accurate or up to date.<\/p>\n<\/div>\n<div>\n<h2>INFORMATION ON THE DISCLAIMER OF ALL LIABILITY ARISING OUT OF TECHNICAL AND CONTENT FAILUREOR<\/h2>\n<p><strong>KUADROTEK<\/strong> declines any responsibility in the event of interruptions or malfunctioning of the services or contents offered on the Internet, whatever the cause. Likewise, <strong>KUADROTEK<\/strong> shall not be liable for network outages, loss of business as a result of these outages, temporary suspensions of the electricity flow or any other type of indirect damage that may be caused to users for reasons beyond KUADROTEK&#8217;s control.<\/p>\n<p><strong>KUADROTEK<\/strong> does not represent or warrant that the services or content will be uninterrupted or error-free, that defects will be corrected, or that the service or the server that makes it available are free of viruses or other harmful components, without prejudice that <strong>KUADROTEK<\/strong> makes its best efforts to avoid such incidents. In the event that the user takes certain decisions or performs certain actions based on the information included in any of the websites, it is recommended that the information received be checked with other sources.<\/p>\n<\/div>\n<div>\n<h2>INDUSTRIAL AND INTELLECTUAL PROPERTY<\/h2>\n<p>The contents provided by <strong>KUADROTEK<\/strong>, as well as the contents made available on the network via its web pages, constitute a work in the sense of the remaining intellectual property laws and are therefore protected by the applicable laws and international conventions on the subject.<\/p>\n<p>Any form of reproduction, distribution, public communication, transformation, making available and, in general, any other act of public exploitation referring both to the web pages and their contents and information, without the express and prior written consent of <strong>KUADROTEK<\/strong>, is forbidden.<\/p>\n<p>Consequently, all the contents displayed on various websites and, in particular, designs, texts, graphics, logos, logos, icons, buttons, software, trade names, trademarks, industrial designs or any other sign susceptible of industrial and commercial use are subject to the intellectual and industrial property rights of <strong>KUADROTEK<\/strong> or third party owners of the same who have duly authorised their inclusion on the various websites.<\/p>\n<p>The contents, images, forms, opinions, index and all other formal expressions that form part of the web pages, as well as the software necessary for the operation and visualisation of the same, also constitute a work in the sense of copyright law and are, therefore, protected by the international conventions and national legislation on intellectual property that may be applicable. Failure to do so involves the commission of serious unlawful acts and is punishable under civil and criminal law.<\/p>\n<p>Any act by virtue of which users of the services or content may exploit or make commercial use, directly or indirectly, in whole or in part, of any of the content, images, forms, indexes and other formal expressions that form part of the web pages without prior written permission from <strong>KUADROTEK<\/strong><\/p>\n<p>In particular, and without limitation, the reproduction, distribution, display, exhibition, transmission, retransmission, broadcasting in any form, storage on physical or logical supports (for example, diskettes or computer hard disks), digitalisation or making available from databases other than those authorised by <strong>KUADROTEK<\/strong>as well as their translation, adaptation, arrangement or any other transformation of the aforementioned opinions, images, forms, indexes and other formal expressions that are made available to users through the services or contents, insofar as these acts are subject to the applicable legislation on intellectual, industrial or image protection property.<\/p>\n<p><strong>KUADROTEK<\/strong> is free to limit access to the web pages and the products and\/or services offered therein, as well as the subsequent publication of the opinions, observations, images or comments that users may send via e-mail.<\/p>\n<p><strong>KUADROTEK<\/strong>in this regard, it may establish, if it deems it appropriate, without prejudice to the sole and exclusive responsibility of the users, the filters necessary to prevent content or opinions considered racist, xenophobic, discriminatory, pornographic, defamatory or which, in any way, encourage violence or the dissemination of clearly illicit or harmful content from being posted on the network via its web pages.<\/p>\n<p>Those users who submit to the websites of <strong>KUADROTEK<\/strong>, to its suggestions, observations, opinions or comments department by means of the e-mail service, even if they truly and unmistakably express the contrary, in the cases where, due to the nature of the services or contents, this is possible; it is understood that they authorise <strong>KUADROTEK<\/strong> for the reproduction, distribution, display, transmission, retransmission, broadcasting in any format, storage on hardware or software (e.g. diskettes or computer hard disk), digitisation, making available from databases belonging to KUADROTEK, translation, adaptation, arrangement or any other transformation of remarks, opinions or comments such as these, for as long as copyright protection is legally provided for. It is also understood that this authorisation is given free of charge, and that by simply sending observations, opinions or comments of this type by e-mail, users decline any financial claim on the part of <strong>KUADROTEK<\/strong>.<\/p>\n<p>In accordance with what is stated in the previous paragraph, <strong>KUADROTEK<\/strong> is also authorised to proceed to modify or alter observations, opinions or comments such as these, in order to adapt them to the needs of the editorial format of web pages, without this being understood to mean that there exists<br \/>in any way infringe any of the moral rights of copyright that users may hold in them.<\/p>\n<p>Any technical, logical or technological resources by virtue of which a third party may benefit, directly or indirectly, with or without profit, from each and every one of the contents, forms, indexes and other formal expressions that form part of the web pages or of the effort made by <strong>KUADROTEK<\/strong> for its operation. In particular, any link, hyperlink, framing or similar link that may be established in the direction of <strong>KUADROTEK&#8217;s<\/strong> web pages is prohibited without the prior, express and written consent of <strong>KUADROTEK<\/strong>. Any infringement of the provisions of this point will be considered as a violation of the legitimate intellectual property rights of <strong>KUADROTEK<\/strong>, on the web pages and all the contents of the same.<\/p>\n<p><strong>KUADROTEK<\/strong> shall not assume any type of responsibility for any consequences derived from the aforementioned conduct and actions, in the same way that it shall not assume any type of responsibility for the contents, services, products, etc., of third parties that may be accessed directly or through banners, links, hyperlinks, framing or similar links from the websites of <strong>KUADROTEK<\/strong><\/p>\n<\/div>\n<div>\n<\/div>\n\t\t\t\t\t\t<\/div>\n\t\t\t\t<\/div>\n\t\t\t\t\t<\/div>\n\t\t<\/div>\n\t\t\t\t\t\t\t<\/div>\n\t\t<\/section>\n\t\t\t\t\t\t\t<\/div>\n\t\t","protected":false},"excerpt":{"rendered":"<p>USER LIABILITY FOR USE AND CONTENT Both access to the websites and the use that may be made of the information and contents included therein shall be the exclusive responsibility of the user. Therefore, the use that may be made of the information, images, contents and\/or products described and accessible through this website will be [&hellip;]<\/p>\n","protected":false},"author":1,"featured_media":0,"parent":0,"menu_order":0,"comment_status":"closed","ping_status":"closed","template":"","meta":{"inline_featured_image":false},"yoast_head":"<!-- This site is optimized with the Yoast SEO plugin v19.13 - https:\/\/yoast.com\/wordpress\/plugins\/seo\/ -->\n<title>Legal notice | Kuadrotek, manufacture of electrical panels<\/title>\n<meta name=\"description\" content=\"Legal information and general conditions of the website https:\/\/www.kuadrotek.com\/. Design and manufacture of electrical and control panels for automation.\" \/>\n<meta name=\"robots\" content=\"index, follow, max-snippet:-1, max-image-preview:large, max-video-preview:-1\" \/>\n<link rel=\"canonical\" href=\"https:\/\/kuadrotek.com\/en\/legal-notice\/\" \/>\n<meta property=\"og:locale\" content=\"en_US\" \/>\n<meta property=\"og:type\" content=\"article\" \/>\n<meta property=\"og:title\" content=\"Legal notice | Kuadrotek, manufacture of electrical panels\" \/>\n<meta property=\"og:description\" content=\"Legal information and general conditions of the website https:\/\/www.kuadrotek.com\/. Design and manufacture of electrical and control panels for automation.\" \/>\n<meta property=\"og:url\" content=\"https:\/\/kuadrotek.com\/en\/legal-notice\/\" \/>\n<meta property=\"og:site_name\" content=\"Kuadrotek\" \/>\n<meta property=\"article:modified_time\" content=\"2023-02-09T09:53:21+00:00\" \/>\n<meta name=\"twitter:card\" content=\"summary_large_image\" \/>\n<meta name=\"twitter:label1\" content=\"Est. reading time\" \/>\n\t<meta name=\"twitter:data1\" content=\"8 minutes\" \/>\n<script type=\"application\/ld+json\" class=\"yoast-schema-graph\">{\"@context\":\"https:\/\/schema.org\",\"@graph\":[{\"@type\":\"WebPage\",\"@id\":\"https:\/\/kuadrotek.com\/en\/legal-notice\/\",\"url\":\"https:\/\/kuadrotek.com\/en\/legal-notice\/\",\"name\":\"Legal notice | Kuadrotek, manufacture of electrical panels\",\"isPartOf\":{\"@id\":\"https:\/\/kuadrotek.com\/en\/#website\"},\"datePublished\":\"2022-10-14T08:33:21+00:00\",\"dateModified\":\"2023-02-09T09:53:21+00:00\",\"description\":\"Legal information and general conditions of the website https:\/\/www.kuadrotek.com\/. Design and manufacture of electrical and control panels for automation.\",\"breadcrumb\":{\"@id\":\"https:\/\/kuadrotek.com\/en\/legal-notice\/#breadcrumb\"},\"inLanguage\":\"en-US\",\"potentialAction\":[{\"@type\":\"ReadAction\",\"target\":[\"https:\/\/kuadrotek.com\/en\/legal-notice\/\"]}]},{\"@type\":\"BreadcrumbList\",\"@id\":\"https:\/\/kuadrotek.com\/en\/legal-notice\/#breadcrumb\",\"itemListElement\":[{\"@type\":\"ListItem\",\"position\":1,\"name\":\"Portada\",\"item\":\"https:\/\/kuadrotek.com\/en\/\"},{\"@type\":\"ListItem\",\"position\":2,\"name\":\"Legal Notice\"}]},{\"@type\":\"WebSite\",\"@id\":\"https:\/\/kuadrotek.com\/en\/#website\",\"url\":\"https:\/\/kuadrotek.com\/en\/\",\"name\":\"Kuadrotek\",\"description\":\"Just another WordPress site\",\"publisher\":{\"@id\":\"https:\/\/kuadrotek.com\/en\/#organization\"},\"potentialAction\":[{\"@type\":\"SearchAction\",\"target\":{\"@type\":\"EntryPoint\",\"urlTemplate\":\"https:\/\/kuadrotek.com\/en\/?s={search_term_string}\"},\"query-input\":\"required name=search_term_string\"}],\"inLanguage\":\"en-US\"},{\"@type\":\"Organization\",\"@id\":\"https:\/\/kuadrotek.com\/en\/#organization\",\"name\":\"Kuadrotek\",\"url\":\"https:\/\/kuadrotek.com\/en\/\",\"logo\":{\"@type\":\"ImageObject\",\"inLanguage\":\"en-US\",\"@id\":\"https:\/\/kuadrotek.com\/en\/#\/schema\/logo\/image\/\",\"url\":\"https:\/\/kuadrotek.com\/wp-content\/uploads\/2022\/10\/logo-kuadrotek-cuadros-electricos.svg\",\"contentUrl\":\"https:\/\/kuadrotek.com\/wp-content\/uploads\/2022\/10\/logo-kuadrotek-cuadros-electricos.svg\",\"width\":325,\"height\":77,\"caption\":\"Kuadrotek\"},\"image\":{\"@id\":\"https:\/\/kuadrotek.com\/en\/#\/schema\/logo\/image\/\"}}]}<\/script>\n<!-- \/ Yoast SEO plugin. -->","yoast_head_json":{"title":"Legal notice | Kuadrotek, manufacture of electrical panels","description":"Legal information and general conditions of the website https:\/\/www.kuadrotek.com\/. Design and manufacture of electrical and control panels for automation.","robots":{"index":"index","follow":"follow","max-snippet":"max-snippet:-1","max-image-preview":"max-image-preview:large","max-video-preview":"max-video-preview:-1"},"canonical":"https:\/\/kuadrotek.com\/en\/legal-notice\/","og_locale":"en_US","og_type":"article","og_title":"Legal notice | Kuadrotek, manufacture of electrical panels","og_description":"Legal information and general conditions of the website https:\/\/www.kuadrotek.com\/. Design and manufacture of electrical and control panels for automation.","og_url":"https:\/\/kuadrotek.com\/en\/legal-notice\/","og_site_name":"Kuadrotek","article_modified_time":"2023-02-09T09:53:21+00:00","twitter_card":"summary_large_image","twitter_misc":{"Est. reading time":"8 minutes"},"schema":{"@context":"https:\/\/schema.org","@graph":[{"@type":"WebPage","@id":"https:\/\/kuadrotek.com\/en\/legal-notice\/","url":"https:\/\/kuadrotek.com\/en\/legal-notice\/","name":"Legal notice | Kuadrotek, manufacture of electrical panels","isPartOf":{"@id":"https:\/\/kuadrotek.com\/en\/#website"},"datePublished":"2022-10-14T08:33:21+00:00","dateModified":"2023-02-09T09:53:21+00:00","description":"Legal information and general conditions of the website https:\/\/www.kuadrotek.com\/. Design and manufacture of electrical and control panels for automation.","breadcrumb":{"@id":"https:\/\/kuadrotek.com\/en\/legal-notice\/#breadcrumb"},"inLanguage":"en-US","potentialAction":[{"@type":"ReadAction","target":["https:\/\/kuadrotek.com\/en\/legal-notice\/"]}]},{"@type":"BreadcrumbList","@id":"https:\/\/kuadrotek.com\/en\/legal-notice\/#breadcrumb","itemListElement":[{"@type":"ListItem","position":1,"name":"Portada","item":"https:\/\/kuadrotek.com\/en\/"},{"@type":"ListItem","position":2,"name":"Legal Notice"}]},{"@type":"WebSite","@id":"https:\/\/kuadrotek.com\/en\/#website","url":"https:\/\/kuadrotek.com\/en\/","name":"Kuadrotek","description":"Just another WordPress site","publisher":{"@id":"https:\/\/kuadrotek.com\/en\/#organization"},"potentialAction":[{"@type":"SearchAction","target":{"@type":"EntryPoint","urlTemplate":"https:\/\/kuadrotek.com\/en\/?s={search_term_string}"},"query-input":"required name=search_term_string"}],"inLanguage":"en-US"},{"@type":"Organization","@id":"https:\/\/kuadrotek.com\/en\/#organization","name":"Kuadrotek","url":"https:\/\/kuadrotek.com\/en\/","logo":{"@type":"ImageObject","inLanguage":"en-US","@id":"https:\/\/kuadrotek.com\/en\/#\/schema\/logo\/image\/","url":"https:\/\/kuadrotek.com\/wp-content\/uploads\/2022\/10\/logo-kuadrotek-cuadros-electricos.svg","contentUrl":"https:\/\/kuadrotek.com\/wp-content\/uploads\/2022\/10\/logo-kuadrotek-cuadros-electricos.svg","width":325,"height":77,"caption":"Kuadrotek"},"image":{"@id":"https:\/\/kuadrotek.com\/en\/#\/schema\/logo\/image\/"}}]}},"_links":{"self":[{"href":"https:\/\/kuadrotek.com\/en\/wp-json\/wp\/v2\/pages\/1890"}],"collection":[{"href":"https:\/\/kuadrotek.com\/en\/wp-json\/wp\/v2\/pages"}],"about":[{"href":"https:\/\/kuadrotek.com\/en\/wp-json\/wp\/v2\/types\/page"}],"author":[{"embeddable":true,"href":"https:\/\/kuadrotek.com\/en\/wp-json\/wp\/v2\/users\/1"}],"replies":[{"embeddable":true,"href":"https:\/\/kuadrotek.com\/en\/wp-json\/wp\/v2\/comments?post=1890"}],"version-history":[{"count":3,"href":"https:\/\/kuadrotek.com\/en\/wp-json\/wp\/v2\/pages\/1890\/revisions"}],"predecessor-version":[{"id":4341,"href":"https:\/\/kuadrotek.com\/en\/wp-json\/wp\/v2\/pages\/1890\/revisions\/4341"}],"wp:attachment":[{"href":"https:\/\/kuadrotek.com\/en\/wp-json\/wp\/v2\/media?parent=1890"}],"curies":[{"name":"wp","href":"https:\/\/api.w.org\/{rel}","templated":true}]}}